{"id":4849,"date":"2026-05-10T16:06:10","date_gmt":"2026-05-10T14:06:10","guid":{"rendered":"https:\/\/bentobox-lieferservice.ch\/aperitif-traiteur\/"},"modified":"2026-05-10T21:32:46","modified_gmt":"2026-05-10T19:32:46","slug":"aperitif-traiteur","status":"publish","type":"page","link":"https:\/\/bentobox-lieferservice.ch\/fr\/aperitif-traiteur\/","title":{"rendered":"Ap\u00e9ritif\/Traiteur"},"content":{"rendered":"<div class=\"et_pb_section_0 et_pb_section et_section_regular et_block_section et_pb_section_parallax\"><span class=\"et-pb-parallax-wrapper\"><span class=\"et-pb-parallax-background et-pb-parallax-background-module--divi-section-0\" style=\"background-image:url(https:\/\/bentobox-lieferservice.ch\/wp-content\/uploads\/2017\/08\/Michele_Stocco-Dolder_050.jpg)\"><\/span><\/span>\n<div class=\"et_pb_row_0 et_pb_row et_block_row\">\n<div class=\"et_pb_column_0 et_pb_column et_pb_column_4_4 et-last-child et_block_column et_pb_css_mix_blend_mode_passthrough\">\n<div class=\"et_pb_text_0 et_pb_text et_pb_bg_layout_dark et_animated et_pb_module et_block_module\"><div class=\"et_pb_text_inner\"><h1>Bento Ap\u00e9ritif Traiteur<\/h1>\n<p>&nbsp;<\/p>\n<\/div><\/div>\n<\/div>\n<\/div>\n<\/div>\n\n<div class=\"et_pb_section_1 et_pb_section et_section_regular et_block_section\">\n<div class=\"et_pb_row_1 et_pb_row et_block_row\">\n<div class=\"et_pb_column_1 et_pb_column et_pb_column_4_4 et-last-child et_block_column et_pb_css_mix_blend_mode_passthrough\">\n<div class=\"et_pb_text_1 et_pb_text et_pb_bg_layout_light et_animated et_pb_module et_block_module\"><div class=\"et_pb_text_inner\"><h3 style=\"text-align: left;\"><strong>Tu organises une f\u00eate \u2013 et tu m\u00e9rites d'y \u00eatre toi-m\u00eame.<\/strong><\/h3>\n<p><strong><\/strong><\/p>\n<p><strong><\/strong><\/p>\n<h3 style=\"text-align: left;\"><strong>Non pas en tant qu'organisateur, mais en tant qu'h\u00f4te qui savoure chaque instant. Ensemble, nous discutons de tes envies, et je te propose un ap\u00e9ritif ou un service traiteur parfaitement adapt\u00e9 \u00e0 toi et \u00e0 tes invit\u00e9s. Des plats fra\u00eechement pr\u00e9par\u00e9s, \u00e0 base d'ingr\u00e9dients suisses \u2013 et toute la saveur du Japon dans ton assiette.  <\/strong><\/h3>\n<p><strong><\/strong><\/p>\n<h3 style=\"text-align: left;\"><strong>Tes invit\u00e9s vivront une exp\u00e9rience gustative comme ils n'en ont jamais v\u00e9cue auparavant.<\/strong><\/h3>\n<p><strong><\/strong><\/p>\n<h3 style=\"text-align: left;\"><strong>Bienvenue \u00e0 ta propre f\u00eate.<\/strong><\/h3>\n<p><strong><\/strong><\/p>\n<\/div><\/div>\n<\/div>\n<\/div>\n\n<div class=\"et_pb_row_2 et_pb_row et_block_row\">\n<div class=\"et_pb_column_2 et_pb_column et_pb_column_4_4 et-last-child et_block_column et_pb_css_mix_blend_mode_passthrough\">\n<div class=\"et_pb_text_2 et_pb_text et_pb_bg_layout_light et_pb_module et_block_module\"><div class=\"et_pb_text_inner\"><p><strong>Id\u00e9es d'ap\u00e9ritif<\/strong><\/p>\n<\/div><\/div>\n<\/div>\n<\/div>\n\n<div class=\"et_pb_row_3 et_pb_row et_block_row\">\n<div class=\"et_pb_column_3 et_pb_column et_pb_column_1_3 et_block_column et_pb_css_mix_blend_mode_passthrough\">\n<div class=\"et_pb_image_0 et_pb_image et_pb_module et_block_module\"><span class=\"et_pb_image_wrap\"><img data-recalc-dims=\"1\" loading=\"lazy\" decoding=\"async\" src=\"https:\/\/i0.wp.com\/bentobox-lieferservice.ch\/wp-content\/uploads\/2026\/05\/VHS-scaled.jpg?resize=1080%2C608&#038;ssl=1\" width=\"1080\" height=\"608\" srcset=\"https:\/\/bentobox-lieferservice.ch\/wp-content\/uploads\/2026\/05\/VHS-scaled.jpg 2560w, https:\/\/bentobox-lieferservice.ch\/wp-content\/uploads\/2026\/05\/VHS-1280x720.jpg 1280w, https:\/\/bentobox-lieferservice.ch\/wp-content\/uploads\/2026\/05\/VHS-980x551.jpg 980w, https:\/\/bentobox-lieferservice.ch\/wp-content\/uploads\/2026\/05\/VHS-480x270.jpg 480w\" sizes=\"(min-width: 0px) and (max-width: 480px) 480px, (min-width: 481px) and (max-width: 980px) 980px, (min-width: 981px) and (max-width: 1280px) 1280px, (min-width: 1281px) 2560px, 100vw\" class=\"wp-image-4829\" title=\"Ap\u00e9ritif \/ Traiteur\" alt=\"Ap\u00e9ritif \/ Traiteur\" \/><\/span><\/div>\n\n<div class=\"et_pb_text_3 et_pb_text et_pb_bg_layout_light et_pb_module et_block_module\"><div class=\"et_pb_text_inner\"><p><strong>Photo ci-dessus :<\/strong><\/p>\n<ul>\n<li>Brochettes de pleurotes de panicaut \u00e0 la sauce teriyaki<\/li>\n<li>Tofu po\u00eal\u00e9 au jus de citron<\/li>\n<li>Onigiri \u00e0 l'\u0153uf<\/li>\n<\/ul>\n<p>&nbsp;<\/p>\n<p><strong>Photo de droite : (en bas sur le t\u00e9l\u00e9phone portable)<\/strong><\/p>\n<ul>\n<li>B\u00e2tonnets feuillet\u00e9s au miso<\/li>\n<li>Brochettes aux pleurotes et aux poireaux<\/li>\n<li>Tofu po\u00eal\u00e9 \u00e0 la sauce teriyaki<\/li>\n<li>Nori aux feuilles de riz<\/li>\n<\/ul>\n<p>&nbsp;<\/p>\n<\/div><\/div>\n<\/div>\n\n<div class=\"et_pb_column_4 et_pb_column et_pb_column_1_3 et_block_column et_pb_css_mix_blend_mode_passthrough\">\n<div class=\"et_pb_image_1 et_pb_image et_pb_module et_block_module\"><span class=\"et_pb_image_wrap\"><img data-recalc-dims=\"1\" loading=\"lazy\" decoding=\"async\" src=\"https:\/\/i0.wp.com\/bentobox-lieferservice.ch\/wp-content\/uploads\/2026\/05\/IMG20240412220745-scaled.jpg?resize=1080%2C1920&#038;ssl=1\" width=\"1080\" height=\"1920\" srcset=\"https:\/\/bentobox-lieferservice.ch\/wp-content\/uploads\/2026\/05\/IMG20240412220745-scaled.jpg 1440w, https:\/\/bentobox-lieferservice.ch\/wp-content\/uploads\/2026\/05\/IMG20240412220745-1280x2276.jpg 1280w, https:\/\/bentobox-lieferservice.ch\/wp-content\/uploads\/2026\/05\/IMG20240412220745-980x1742.jpg 980w, https:\/\/bentobox-lieferservice.ch\/wp-content\/uploads\/2026\/05\/IMG20240412220745-480x853.jpg 480w\" sizes=\"(min-width: 0px) and (max-width: 480px) 480px, (min-width: 481px) and (max-width: 980px) 980px, (min-width: 981px) and (max-width: 1280px) 1280px, (min-width: 1281px) 1440px, 100vw\" class=\"wp-image-4828\" title=\"Traiteur \/ Ap\u00e9ritif\" alt=\"Ap\u00e9ritif \/ Traiteur\" \/><\/span><\/div>\n<\/div>\n\n<div class=\"et_pb_column_5 et_pb_column et_pb_column_1_3 et-last-child et_block_column et_pb_column_empty et_pb_css_mix_blend_mode_passthrough\"><\/div>\n<\/div>\n\n<div class=\"et_pb_row_4 et_pb_row et_block_row\">\n<div class=\"et_pb_column_6 et_pb_column et_pb_column_4_4 et-last-child et_block_column et_pb_css_mix_blend_mode_passthrough\">\n<div class=\"et_pb_text_4 et_pb_text et_pb_bg_layout_light et_pb_module et_block_module\"><div class=\"et_pb_text_inner\"><p style=\"text-align: left;\"><strong>Id\u00e9es de traiteur<\/strong><\/p>\n<\/div><\/div>\n<\/div>\n<\/div>\n\n<div class=\"et_pb_row_5 et_pb_row et_pb_row_4col et_block_row et_block_row_4col\">\n<div class=\"et_pb_column_7 et_pb_column et_pb_column_1_4 et_block_column et_pb_css_mix_blend_mode_passthrough\">\n<div class=\"et_pb_image_2 et_pb_image et_pb_module et_block_module\"><span class=\"et_pb_image_wrap\"><img data-recalc-dims=\"1\" loading=\"lazy\" decoding=\"async\" src=\"https:\/\/i0.wp.com\/bentobox-lieferservice.ch\/wp-content\/uploads\/2026\/05\/Sommer_Caetering.jpg?resize=1080%2C1080&#038;ssl=1\" width=\"1080\" height=\"1080\" srcset=\"https:\/\/bentobox-lieferservice.ch\/wp-content\/uploads\/2026\/05\/Sommer_Caetering.jpg 2046w, https:\/\/bentobox-lieferservice.ch\/wp-content\/uploads\/2026\/05\/Sommer_Caetering-1280x1280.jpg 1280w, https:\/\/bentobox-lieferservice.ch\/wp-content\/uploads\/2026\/05\/Sommer_Caetering-980x980.jpg 980w, https:\/\/bentobox-lieferservice.ch\/wp-content\/uploads\/2026\/05\/Sommer_Caetering-480x480.jpg 480w\" sizes=\"(min-width: 0px) and (max-width: 480px) 480px, (min-width: 481px) and (max-width: 980px) 980px, (min-width: 981px) and (max-width: 1280px) 1280px, (min-width: 1281px) 2046px, 100vw\" class=\"wp-image-4834\" title=\"Cat\u00e9ring estival\" alt=\"Cat\u00e9ring estival\" \/><\/span><\/div>\n\n<div class=\"et_pb_text_5 et_pb_text et_pb_bg_layout_light et_pb_module et_block_module\"><div class=\"et_pb_text_inner\"><p style=\"text-align: center;\"><strong>Service traiteur pour une f\u00eate estivale<\/strong><\/p>\n<ul>\n<li>Nouilles soba aux l\u00e9gumes<\/li>\n<li>Nouilles somen aux l\u00e9gumes<\/li>\n<\/ul>\n<p>&nbsp;<\/p>\n<p>&nbsp;<\/p>\n<\/div><\/div>\n<\/div>\n\n<div class=\"et_pb_column_8 et_pb_column et_pb_column_1_4 et_block_column et_pb_css_mix_blend_mode_passthrough\">\n<div class=\"et_pb_image_3 et_pb_image et_pb_module et_block_module\"><span class=\"et_pb_image_wrap\"><img data-recalc-dims=\"1\" loading=\"lazy\" decoding=\"async\" src=\"https:\/\/i0.wp.com\/bentobox-lieferservice.ch\/wp-content\/uploads\/2026\/05\/Rugby.jpg?resize=1080%2C1080&#038;ssl=1\" width=\"1080\" height=\"1080\" srcset=\"https:\/\/bentobox-lieferservice.ch\/wp-content\/uploads\/2026\/05\/Rugby.jpg 2046w, https:\/\/bentobox-lieferservice.ch\/wp-content\/uploads\/2026\/05\/Rugby-1280x1280.jpg 1280w, https:\/\/bentobox-lieferservice.ch\/wp-content\/uploads\/2026\/05\/Rugby-980x980.jpg 980w, https:\/\/bentobox-lieferservice.ch\/wp-content\/uploads\/2026\/05\/Rugby-480x480.jpg 480w\" sizes=\"(min-width: 0px) and (max-width: 480px) 480px, (min-width: 481px) and (max-width: 980px) 980px, (min-width: 981px) and (max-width: 1280px) 1280px, (min-width: 1281px) 2046px, 100vw\" class=\"wp-image-4833\" title=\"Service traiteur du Rugby Club de Bienne\" alt=\"Service traiteur du Rugby Club de Bienne\" \/><\/span><\/div>\n\n<div class=\"et_pb_text_6 et_pb_text et_pb_bg_layout_light et_pb_module et_block_module\"><div class=\"et_pb_text_inner\"><p style=\"text-align: center;\"><strong>Service traiteur pour un club de rugby<\/strong><\/p>\n<ul>\n<li>Chanko-nabe (pot\u00e9e avec nouilles, tofu et poulet)<\/li>\n<li>Okonomiyaki<\/li>\n<li>Curry japonais<\/li>\n<\/ul>\n<\/div><\/div>\n<\/div>\n\n<div class=\"et_pb_column_9 et_pb_column et_pb_column_1_4 et_block_column et_pb_css_mix_blend_mode_passthrough\">\n<div class=\"et_pb_image_4 et_pb_image et_pb_module et_block_module\"><span class=\"et_pb_image_wrap\"><img data-recalc-dims=\"1\" loading=\"lazy\" decoding=\"async\" src=\"https:\/\/i0.wp.com\/bentobox-lieferservice.ch\/wp-content\/uploads\/2026\/05\/Caetering_Mazda.jpg?resize=1080%2C1080&#038;ssl=1\" width=\"1080\" height=\"1080\" srcset=\"https:\/\/bentobox-lieferservice.ch\/wp-content\/uploads\/2026\/05\/Caetering_Mazda.jpg 2047w, https:\/\/bentobox-lieferservice.ch\/wp-content\/uploads\/2026\/05\/Caetering_Mazda-1280x1280.jpg 1280w, https:\/\/bentobox-lieferservice.ch\/wp-content\/uploads\/2026\/05\/Caetering_Mazda-980x980.jpg 980w, https:\/\/bentobox-lieferservice.ch\/wp-content\/uploads\/2026\/05\/Caetering_Mazda-480x480.jpg 480w\" sizes=\"(min-width: 0px) and (max-width: 480px) 480px, (min-width: 481px) and (max-width: 980px) 980px, (min-width: 981px) and (max-width: 1280px) 1280px, (min-width: 1281px) 2047px, 100vw\" class=\"wp-image-4831\" title=\"Service traiteur pour un salon automobile\" alt=\"Service traiteur pour un salon automobile\" \/><\/span><\/div>\n\n<div class=\"et_pb_text_7 et_pb_text et_pb_bg_layout_light et_pb_module et_block_module\"><div class=\"et_pb_text_inner\"><p style=\"text-align: center;\"><strong>Service traiteur pour un salon automobile<\/strong><\/p>\n<ul>\n<li>Edamame<\/li>\n<li>Sushi<\/li>\n<li>Truite accompagn\u00e9e de riz <\/li>\n<\/ul>\n<\/div><\/div>\n<\/div>\n\n<div class=\"et_pb_column_10 et_pb_column et_pb_column_1_4 et-last-child et_block_column et_pb_css_mix_blend_mode_passthrough\">\n<div class=\"et_pb_image_5 et_pb_image et_pb_module et_block_module\"><span class=\"et_pb_image_wrap\"><img data-recalc-dims=\"1\" loading=\"lazy\" decoding=\"async\" src=\"https:\/\/i0.wp.com\/bentobox-lieferservice.ch\/wp-content\/uploads\/2026\/05\/Caetering_60Geburi.jpg?resize=1080%2C1080&#038;ssl=1\" width=\"1080\" height=\"1080\" srcset=\"https:\/\/bentobox-lieferservice.ch\/wp-content\/uploads\/2026\/05\/Caetering_60Geburi.jpg 2046w, https:\/\/bentobox-lieferservice.ch\/wp-content\/uploads\/2026\/05\/Caetering_60Geburi-1280x1280.jpg 1280w, https:\/\/bentobox-lieferservice.ch\/wp-content\/uploads\/2026\/05\/Caetering_60Geburi-980x980.jpg 980w, https:\/\/bentobox-lieferservice.ch\/wp-content\/uploads\/2026\/05\/Caetering_60Geburi-480x480.jpg 480w\" sizes=\"(min-width: 0px) and (max-width: 480px) 480px, (min-width: 481px) and (max-width: 980px) 980px, (min-width: 981px) and (max-width: 1280px) 1280px, (min-width: 1281px) 2046px, 100vw\" class=\"wp-image-4830\" title=\"Service traiteur pour un anniversaire rond\" alt=\"Service traiteur pour un anniversaire rond\" \/><\/span><\/div>\n\n<div class=\"et_pb_text_8 et_pb_text et_pb_bg_layout_light et_pb_module et_block_module\"><div class=\"et_pb_text_inner\"><p style=\"text-align: center;\"><strong>Service traiteur pour un anniversaire<\/strong><\/p>\n<ul>\n<li>\u00c9minc\u00e9 de b\u0153uf aux poireaux et \u00e0 la vinaigrette \u00e0 l'umeboshi<\/li>\n<li>Poulet \u00e0 la sauce miso<\/li>\n<li>Saumon \u00e0 la sauce teriyaki<\/li>\n<li>Nouilles soba saut\u00e9es (v\u00e9g\u00e9tarien)<\/li>\n<li>Nouilles somen saut\u00e9es (v\u00e9g\u00e9tariennes et sans gluten)<\/li>\n<\/ul>\n<\/div><\/div>\n<\/div>\n<\/div>\n\n<div class=\"et_pb_row_6 et_pb_row et_block_row\">\n<div class=\"et_pb_column_11 et_pb_column et_pb_column_4_4 et-last-child et_block_column et_pb_css_mix_blend_mode_passthrough\">\n<div class=\"et_pb_text_9 et_pb_text et_pb_bg_layout_light et_pb_module et_block_module\"><div class=\"et_pb_text_inner\"><h4>Tu es int\u00e9ress\u00e9 par un service traiteur, une soir\u00e9e cuisine priv\u00e9e chez toi ou un \u00e9v\u00e9nement d'\u00e9quipe ?<\/h4>\n<p>&nbsp;<\/p>\n<p>&nbsp;<\/p>\n<h4>Je me ferai un plaisir d'organiser le service traiteur selon tes souhaits.<\/h4>\n<p>&nbsp;<\/p>\n<p>&nbsp;<\/p>\n<h4>Il te suffit de m'envoyer un e-mail avec ta demande \u00e0 l'adresse <a href=\"mailto:contact@bento-lieferservice.ch\">contact@bento-lieferservice.ch <\/a>ou de m'appeler au 079 433 54 84. <\/h4>\n<\/div><\/div>\n<\/div>\n<\/div>\n<\/div>","protected":false},"excerpt":{"rendered":"<p>Mich\u00e8le Stocco-Dolder pr\u00e9pare des ap\u00e9ritifs. Et notamment de d\u00e9licieux ap\u00e9ritifs japonais. Elle propose \u00e9galement un service de traiteur. Celui-ci s&rsquo;inspire de la cuisine bento.   <\/p>\n","protected":false},"author":1,"featured_media":0,"parent":0,"menu_order":0,"comment_status":"closed","ping_status":"closed","template":"","meta":{"footnotes":""},"class_list":["post-4849","page","type-page","status-publish","hentry"],"yoast_head":"<!-- This site is optimized with the Yoast SEO plugin v27.5 - https:\/\/yoast.com\/product\/yoast-seo-wordpress\/ -->\n<title>Ap\u00e9ritif\/Traiteur - Bento-Lieferservice<\/title>\n<meta name=\"description\" content=\"Mich\u00e8le Stocco-Dolder pr\u00e9pare des ap\u00e9ritifs. Et notamment de d\u00e9licieux ap\u00e9ritifs japonais. Elle propose \u00e9galement un service de traiteur. Celui-ci s&#039;inspire de la cuisine bento.\" \/>\n<meta name=\"robots\" content=\"index, follow, max-snippet:-1, max-image-preview:large, max-video-preview:-1\" \/>\n<link rel=\"canonical\" href=\"https:\/\/bentobox-lieferservice.ch\/fr\/aperitif-traiteur\/\" \/>\n<meta property=\"og:locale\" content=\"fr_FR\" \/>\n<meta property=\"og:type\" content=\"article\" \/>\n<meta property=\"og:title\" content=\"Ap\u00e9ritif\/Traiteur - Bento-Lieferservice\" \/>\n<meta property=\"og:description\" content=\"Mich\u00e8le Stocco-Dolder pr\u00e9pare des ap\u00e9ritifs. Et notamment de d\u00e9licieux ap\u00e9ritifs japonais. Elle propose \u00e9galement un service de traiteur. Celui-ci s&#039;inspire de la cuisine bento.\" \/>\n<meta property=\"og:url\" content=\"https:\/\/bentobox-lieferservice.ch\/fr\/aperitif-traiteur\/\" \/>\n<meta property=\"og:site_name\" content=\"Bento-Lieferservice\" \/>\n<meta property=\"article:publisher\" content=\"https:\/\/www.facebook.com\/LifeKI78\" \/>\n<meta property=\"article:modified_time\" content=\"2026-05-10T19:32:46+00:00\" \/>\n<meta property=\"og:image\" content=\"https:\/\/i0.wp.com\/bentobox-lieferservice.ch\/wp-content\/uploads\/2026\/05\/Michele_Stocco-Dolder_050.jpg?fit=2000%2C1335&ssl=1\" \/>\n\t<meta property=\"og:image:width\" content=\"2000\" \/>\n\t<meta property=\"og:image:height\" content=\"1335\" \/>\n\t<meta property=\"og:image:type\" content=\"image\/jpeg\" \/>\n<meta name=\"twitter:card\" content=\"summary_large_image\" \/>\n<meta name=\"twitter:label1\" content=\"Dur\u00e9e de lecture estim\u00e9e\" \/>\n\t<meta name=\"twitter:data1\" content=\"3 minutes\" \/>\n<script type=\"application\/ld+json\" class=\"yoast-schema-graph\">{\"@context\":\"https:\\\/\\\/schema.org\",\"@graph\":[{\"@type\":\"WebPage\",\"@id\":\"https:\\\/\\\/bentobox-lieferservice.ch\\\/fr\\\/aperitif-traiteur\\\/\",\"url\":\"https:\\\/\\\/bentobox-lieferservice.ch\\\/fr\\\/aperitif-traiteur\\\/\",\"name\":\"Ap\u00e9ritif\\\/Traiteur - Bento-Lieferservice\",\"isPartOf\":{\"@id\":\"https:\\\/\\\/bentobox-lieferservice.ch\\\/fr\\\/#website\"},\"datePublished\":\"2026-05-10T14:06:10+00:00\",\"dateModified\":\"2026-05-10T19:32:46+00:00\",\"description\":\"Mich\u00e8le Stocco-Dolder pr\u00e9pare des ap\u00e9ritifs. Et notamment de d\u00e9licieux ap\u00e9ritifs japonais. Elle propose \u00e9galement un service de traiteur. Celui-ci s'inspire de la cuisine bento.\",\"breadcrumb\":{\"@id\":\"https:\\\/\\\/bentobox-lieferservice.ch\\\/fr\\\/aperitif-traiteur\\\/#breadcrumb\"},\"inLanguage\":\"fr-FR\",\"potentialAction\":[{\"@type\":\"ReadAction\",\"target\":[\"https:\\\/\\\/bentobox-lieferservice.ch\\\/fr\\\/aperitif-traiteur\\\/\"]}]},{\"@type\":\"BreadcrumbList\",\"@id\":\"https:\\\/\\\/bentobox-lieferservice.ch\\\/fr\\\/aperitif-traiteur\\\/#breadcrumb\",\"itemListElement\":[{\"@type\":\"ListItem\",\"position\":1,\"name\":\"Startseite\",\"item\":\"https:\\\/\\\/bentobox-lieferservice.ch\\\/fr\\\/bento-lieferservice-biel-bienne\\\/\"},{\"@type\":\"ListItem\",\"position\":2,\"name\":\"Ap\u00e9ritif\\\/Traiteur\"}]},{\"@type\":\"WebSite\",\"@id\":\"https:\\\/\\\/bentobox-lieferservice.ch\\\/fr\\\/#website\",\"url\":\"https:\\\/\\\/bentobox-lieferservice.ch\\\/fr\\\/\",\"name\":\"Bento-Lieferservice\",\"description\":\"Japanisches Mittagessen, geliefert in der wiederverwendbaren Bento-Box, mit regionalen und saisonalen Zutaten.\",\"publisher\":{\"@id\":\"https:\\\/\\\/bentobox-lieferservice.ch\\\/fr\\\/#organization\"},\"potentialAction\":[{\"@type\":\"SearchAction\",\"target\":{\"@type\":\"EntryPoint\",\"urlTemplate\":\"https:\\\/\\\/bentobox-lieferservice.ch\\\/fr\\\/?s={search_term_string}\"},\"query-input\":{\"@type\":\"PropertyValueSpecification\",\"valueRequired\":true,\"valueName\":\"search_term_string\"}}],\"inLanguage\":\"fr-FR\"},{\"@type\":\"Organization\",\"@id\":\"https:\\\/\\\/bentobox-lieferservice.ch\\\/fr\\\/#organization\",\"name\":\"Bento-Lieferservice, Mich\u00e8le Stocco-Dolder\",\"alternateName\":\"Bento Mich\u00e8le\",\"url\":\"https:\\\/\\\/bentobox-lieferservice.ch\\\/fr\\\/\",\"logo\":{\"@type\":\"ImageObject\",\"inLanguage\":\"fr-FR\",\"@id\":\"https:\\\/\\\/bentobox-lieferservice.ch\\\/fr\\\/#\\\/schema\\\/logo\\\/image\\\/\",\"url\":\"https:\\\/\\\/bentobox-lieferservice.ch\\\/wp-content\\\/uploads\\\/2020\\\/01\\\/IMG_2996-scaled-1.jpg\",\"contentUrl\":\"https:\\\/\\\/bentobox-lieferservice.ch\\\/wp-content\\\/uploads\\\/2020\\\/01\\\/IMG_2996-scaled-1.jpg\",\"width\":2560,\"height\":1707,\"caption\":\"Bento-Lieferservice, Mich\u00e8le Stocco-Dolder\"},\"image\":{\"@id\":\"https:\\\/\\\/bentobox-lieferservice.ch\\\/fr\\\/#\\\/schema\\\/logo\\\/image\\\/\"},\"sameAs\":[\"https:\\\/\\\/www.facebook.com\\\/LifeKI78\",\"https:\\\/\\\/www.instagram.com\\\/bentobox_ch\",\"https:\\\/\\\/www.youtube.com\\\/playlist?list=PLgFDv2-wOfr-MxRu3oHv5jx4aP-8sENll\"]}]}<\/script>\n<!-- \/ Yoast SEO plugin. -->","yoast_head_json":{"title":"Ap\u00e9ritif\/Traiteur - Bento-Lieferservice","description":"Mich\u00e8le Stocco-Dolder pr\u00e9pare des ap\u00e9ritifs. Et notamment de d\u00e9licieux ap\u00e9ritifs japonais. Elle propose \u00e9galement un service de traiteur. Celui-ci s'inspire de la cuisine bento.","robots":{"index":"index","follow":"follow","max-snippet":"max-snippet:-1","max-image-preview":"max-image-preview:large","max-video-preview":"max-video-preview:-1"},"canonical":"https:\/\/bentobox-lieferservice.ch\/fr\/aperitif-traiteur\/","og_locale":"fr_FR","og_type":"article","og_title":"Ap\u00e9ritif\/Traiteur - Bento-Lieferservice","og_description":"Mich\u00e8le Stocco-Dolder pr\u00e9pare des ap\u00e9ritifs. Et notamment de d\u00e9licieux ap\u00e9ritifs japonais. Elle propose \u00e9galement un service de traiteur. Celui-ci s'inspire de la cuisine bento.","og_url":"https:\/\/bentobox-lieferservice.ch\/fr\/aperitif-traiteur\/","og_site_name":"Bento-Lieferservice","article_publisher":"https:\/\/www.facebook.com\/LifeKI78","article_modified_time":"2026-05-10T19:32:46+00:00","og_image":[{"width":2000,"height":1335,"url":"https:\/\/i0.wp.com\/bentobox-lieferservice.ch\/wp-content\/uploads\/2026\/05\/Michele_Stocco-Dolder_050.jpg?fit=2000%2C1335&ssl=1","type":"image\/jpeg"}],"twitter_card":"summary_large_image","twitter_misc":{"Dur\u00e9e de lecture estim\u00e9e":"3 minutes"},"schema":{"@context":"https:\/\/schema.org","@graph":[{"@type":"WebPage","@id":"https:\/\/bentobox-lieferservice.ch\/fr\/aperitif-traiteur\/","url":"https:\/\/bentobox-lieferservice.ch\/fr\/aperitif-traiteur\/","name":"Ap\u00e9ritif\/Traiteur - Bento-Lieferservice","isPartOf":{"@id":"https:\/\/bentobox-lieferservice.ch\/fr\/#website"},"datePublished":"2026-05-10T14:06:10+00:00","dateModified":"2026-05-10T19:32:46+00:00","description":"Mich\u00e8le Stocco-Dolder pr\u00e9pare des ap\u00e9ritifs. Et notamment de d\u00e9licieux ap\u00e9ritifs japonais. Elle propose \u00e9galement un service de traiteur. Celui-ci s'inspire de la cuisine bento.","breadcrumb":{"@id":"https:\/\/bentobox-lieferservice.ch\/fr\/aperitif-traiteur\/#breadcrumb"},"inLanguage":"fr-FR","potentialAction":[{"@type":"ReadAction","target":["https:\/\/bentobox-lieferservice.ch\/fr\/aperitif-traiteur\/"]}]},{"@type":"BreadcrumbList","@id":"https:\/\/bentobox-lieferservice.ch\/fr\/aperitif-traiteur\/#breadcrumb","itemListElement":[{"@type":"ListItem","position":1,"name":"Startseite","item":"https:\/\/bentobox-lieferservice.ch\/fr\/bento-lieferservice-biel-bienne\/"},{"@type":"ListItem","position":2,"name":"Ap\u00e9ritif\/Traiteur"}]},{"@type":"WebSite","@id":"https:\/\/bentobox-lieferservice.ch\/fr\/#website","url":"https:\/\/bentobox-lieferservice.ch\/fr\/","name":"Bento-Lieferservice","description":"Japanisches Mittagessen, geliefert in der wiederverwendbaren Bento-Box, mit regionalen und saisonalen Zutaten.","publisher":{"@id":"https:\/\/bentobox-lieferservice.ch\/fr\/#organization"},"potentialAction":[{"@type":"SearchAction","target":{"@type":"EntryPoint","urlTemplate":"https:\/\/bentobox-lieferservice.ch\/fr\/?s={search_term_string}"},"query-input":{"@type":"PropertyValueSpecification","valueRequired":true,"valueName":"search_term_string"}}],"inLanguage":"fr-FR"},{"@type":"Organization","@id":"https:\/\/bentobox-lieferservice.ch\/fr\/#organization","name":"Bento-Lieferservice, Mich\u00e8le Stocco-Dolder","alternateName":"Bento Mich\u00e8le","url":"https:\/\/bentobox-lieferservice.ch\/fr\/","logo":{"@type":"ImageObject","inLanguage":"fr-FR","@id":"https:\/\/bentobox-lieferservice.ch\/fr\/#\/schema\/logo\/image\/","url":"https:\/\/bentobox-lieferservice.ch\/wp-content\/uploads\/2020\/01\/IMG_2996-scaled-1.jpg","contentUrl":"https:\/\/bentobox-lieferservice.ch\/wp-content\/uploads\/2020\/01\/IMG_2996-scaled-1.jpg","width":2560,"height":1707,"caption":"Bento-Lieferservice, Mich\u00e8le Stocco-Dolder"},"image":{"@id":"https:\/\/bentobox-lieferservice.ch\/fr\/#\/schema\/logo\/image\/"},"sameAs":["https:\/\/www.facebook.com\/LifeKI78","https:\/\/www.instagram.com\/bentobox_ch","https:\/\/www.youtube.com\/playlist?list=PLgFDv2-wOfr-MxRu3oHv5jx4aP-8sENll"]}]}},"jetpack_sharing_enabled":true,"jetpack_shortlink":"https:\/\/wp.me\/P8npWh-1gd","_links":{"self":[{"href":"https:\/\/bentobox-lieferservice.ch\/fr\/wp-json\/wp\/v2\/pages\/4849","targetHints":{"allow":["GET"]}}],"collection":[{"href":"https:\/\/bentobox-lieferservice.ch\/fr\/wp-json\/wp\/v2\/pages"}],"about":[{"href":"https:\/\/bentobox-lieferservice.ch\/fr\/wp-json\/wp\/v2\/types\/page"}],"author":[{"embeddable":true,"href":"https:\/\/bentobox-lieferservice.ch\/fr\/wp-json\/wp\/v2\/users\/1"}],"replies":[{"embeddable":true,"href":"https:\/\/bentobox-lieferservice.ch\/fr\/wp-json\/wp\/v2\/comments?post=4849"}],"version-history":[{"count":9,"href":"https:\/\/bentobox-lieferservice.ch\/fr\/wp-json\/wp\/v2\/pages\/4849\/revisions"}],"predecessor-version":[{"id":4862,"href":"https:\/\/bentobox-lieferservice.ch\/fr\/wp-json\/wp\/v2\/pages\/4849\/revisions\/4862"}],"wp:attachment":[{"href":"https:\/\/bentobox-lieferservice.ch\/fr\/wp-json\/wp\/v2\/media?parent=4849"}],"curies":[{"name":"wp","href":"https:\/\/api.w.org\/{rel}","templated":true}]}}