{"id":299,"date":"2017-02-02T20:51:07","date_gmt":"2017-02-02T20:51:07","guid":{"rendered":"https:\/\/bentobox-lieferservice.ch?product=boite-a-bento-en-bois"},"modified":"2020-01-23T20:29:41","modified_gmt":"2020-01-23T19:29:41","slug":"boite-a-bento-en-bois","status":"publish","type":"product","link":"https:\/\/bentobox-lieferservice.ch\/fr\/shop\/boite-a-bento\/boite-a-bento-en-bois\/","title":{"rendered":"Boite \u00e0 bent\u014d en bois"},"content":{"rendered":"<p>[et_pb_section fb_built=\u00a0\u00bb1&Prime; _builder_version=\u00a0\u00bb3.22&Prime; custom_padding=\u00a0\u00bb0px||||false|false\u00a0\u00bb][et_pb_row _builder_version=\u00a0\u00bb3.25&Prime; background_size=\u00a0\u00bbinitial\u00a0\u00bb background_position=\u00a0\u00bbtop_left\u00a0\u00bb background_repeat=\u00a0\u00bbrepeat\u00a0\u00bb width=\u00a0\u00bb100%\u00a0\u00bb custom_padding=\u00a0\u00bb0px||0px||false|false\u00a0\u00bb][et_pb_column type=\u00a0\u00bb4_4&Prime; _builder_version=\u00a0\u00bb3.25&Prime; custom_padding=\u00a0\u00bb|||\u00a0\u00bb custom_padding__hover=\u00a0\u00bb|||\u00a0\u00bb][et_pb_wc_breadcrumb _builder_version=\u00a0\u00bb3.0.47&Prime;][\/et_pb_wc_breadcrumb][et_pb_wc_cart_notice _builder_version=\u00a0\u00bb3.0.47&Prime;][\/et_pb_wc_cart_notice][\/et_pb_column][\/et_pb_row][et_pb_row _builder_version=\u00a0\u00bb3.25&Prime; background_size=\u00a0\u00bbinitial\u00a0\u00bb background_position=\u00a0\u00bbtop_left\u00a0\u00bb background_repeat=\u00a0\u00bbrepeat\u00a0\u00bb width=\u00a0\u00bb100%\u00a0\u00bb custom_padding=\u00a0\u00bb0px||||false|false\u00a0\u00bb column_structure=\u00a0\u00bb1_2,1_2&Prime;][et_pb_column type=\u00a0\u00bb1_2&Prime; _builder_version=\u00a0\u00bb3.25&Prime; custom_padding=\u00a0\u00bb|||\u00a0\u00bb custom_padding__hover=\u00a0\u00bb|||\u00a0\u00bb][et_pb_wc_images _builder_version=\u00a0\u00bb3.0.47&Prime;][\/et_pb_wc_images][\/et_pb_column][et_pb_column type=\u00a0\u00bb1_2&Prime; _builder_version=\u00a0\u00bb3.25&Prime; custom_padding=\u00a0\u00bb|||\u00a0\u00bb custom_padding__hover=\u00a0\u00bb|||\u00a0\u00bb][et_pb_wc_title _builder_version=\u00a0\u00bb3.0.47&Prime;][\/et_pb_wc_title][et_pb_wc_rating _builder_version=\u00a0\u00bb3.0.47&Prime;][\/et_pb_wc_rating][et_pb_wc_price _builder_version=\u00a0\u00bb4.0.11&Prime; hover_enabled=\u00a0\u00bb0&Prime; body_text_color=\u00a0\u00bb#5f021f\u00a0\u00bb][\/et_pb_wc_price][et_pb_wc_description _builder_version=\u00a0\u00bb3.0.47&Prime;][\/et_pb_wc_description][et_pb_wc_add_to_cart _builder_version=\u00a0\u00bb3.0.47&Prime;][\/et_pb_wc_add_to_cart][et_pb_wc_meta _builder_version=\u00a0\u00bb4.0.11&Prime; hover_enabled=\u00a0\u00bb0&Prime; body_text_color=\u00a0\u00bb#5f021f\u00a0\u00bb][\/et_pb_wc_meta][\/et_pb_column][\/et_pb_row][et_pb_row _builder_version=\u00a0\u00bb3.25&Prime; background_size=\u00a0\u00bbinitial\u00a0\u00bb background_position=\u00a0\u00bbtop_left\u00a0\u00bb background_repeat=\u00a0\u00bbrepeat\u00a0\u00bb width=\u00a0\u00bb100%\u00a0\u00bb][et_pb_column type=\u00a0\u00bb4_4&Prime; _builder_version=\u00a0\u00bb3.25&Prime; custom_padding=\u00a0\u00bb|||\u00a0\u00bb custom_padding__hover=\u00a0\u00bb|||\u00a0\u00bb][et_pb_wc_tabs _builder_version=\u00a0\u00bb3.0.47&Prime;]\t\t\t\t\t[\/et_pb_wc_tabs][et_pb_wc_upsells _builder_version=\u00a0\u00bb3.0.47&Prime;][\/et_pb_wc_upsells][et_pb_wc_related_products _builder_version=\u00a0\u00bb3.0.47&Prime;][\/et_pb_wc_related_products][\/et_pb_column][\/et_pb_row][\/et_pb_section]<\/p>\n","protected":false},"excerpt":{"rendered":"<p>A propos du magewappa.<\/p>\n<p>Merci d&rsquo;avoir fait vos achats sur notre site.<\/p>\n<p>Le wagewappa existe depuis longue date. Certaines personnes disent qu&rsquo;il remonte d&rsquo;aussi loin que de la p\u00e9riode Nara (vers le 8\u00e8me si\u00e8cle). On dit qu&rsquo;\u00e0 l&rsquo;origine, il s&rsquo;agissait d&rsquo;une bo\u00eete \u00e0 bent\u014d en bois, confectionn\u00e9e de c\u00e8dre et d&rsquo;\u00e9corce de cerisier par des b\u00fbcherons. Le magewappa est fabriqu\u00e9 \u00e0 partir de bois naturel et vous pouvez y voir les magnifiques anneaux de croissance. Ainsi, chaque magewappa a une apparence agr\u00e9ablement diff\u00e9rente. L&rsquo;artisanat traditionnel a \u00e9t\u00e9 combin\u00e9 aux tendances contemporaines. Nous esp\u00e9rons sinc\u00e8rement que l&rsquo;utilisation continue de notre produit fait \u00e0 la main, vous apportera confort et qui\u00e9tude pendant des ann\u00e9es.<\/p>\n<p>Petite vid\u00e9o de la fabrication:<br \/>\n<a href=\"https:\/\/www.youtube.com\/watch?v=leWOp65F2jE&amp;list=LLZIgi_g3wUJbj5oT98LUEMg\" target=\"_blank\" rel=\"noopener noreferrer\">Lien<\/a><\/p>\n","protected":false},"featured_media":256,"comment_status":"open","ping_status":"closed","template":"","meta":{"_et_pb_use_builder":"on","_et_pb_old_content":"","_et_gb_content_width":""},"product_brand":[],"product_cat":[65],"product_tag":[],"class_list":{"0":"post-299","1":"product","2":"type-product","3":"status-publish","4":"has-post-thumbnail","6":"product_cat-boite-a-bento","8":"first","9":"instock","10":"shipping-taxable","11":"purchasable","12":"product-type-simple"},"yoast_head":"<!-- This site is optimized with the Yoast SEO plugin v27.4 - https:\/\/yoast.com\/product\/yoast-seo-wordpress\/ -->\n<title>Boite \u00e0 bent\u014d en bois<\/title>\n<meta name=\"description\" content=\"Boite \u00e0 bent\u014d traditionelle du Japon\" \/>\n<meta name=\"robots\" content=\"index, follow, max-snippet:-1, max-image-preview:large, max-video-preview:-1\" \/>\n<link rel=\"canonical\" href=\"https:\/\/bentobox-lieferservice.ch\/fr\/shop\/boite-a-bento\/boite-a-bento-en-bois\/\" \/>\n<meta property=\"og:locale\" content=\"fr_FR\" \/>\n<meta property=\"og:type\" content=\"article\" \/>\n<meta property=\"og:title\" content=\"Boite \u00e0 bent\u014d en bois\" \/>\n<meta property=\"og:description\" content=\"Boite \u00e0 bent\u014d traditionelle du Japon\" \/>\n<meta property=\"og:url\" content=\"https:\/\/bentobox-lieferservice.ch\/fr\/shop\/boite-a-bento\/boite-a-bento-en-bois\/\" \/>\n<meta property=\"og:site_name\" content=\"Bento-Lieferservice\" \/>\n<meta property=\"article:publisher\" content=\"https:\/\/www.facebook.com\/LifeKI78\" \/>\n<meta property=\"article:modified_time\" content=\"2020-01-23T19:29:41+00:00\" \/>\n<meta property=\"og:image\" content=\"https:\/\/bentobox-lieferservice.ch\/wp-content\/uploads\/2017\/02\/BentoBox_holz.jpg\" \/>\n\t<meta property=\"og:image:width\" content=\"945\" \/>\n\t<meta property=\"og:image:height\" content=\"756\" \/>\n\t<meta property=\"og:image:type\" content=\"image\/jpeg\" \/>\n<meta name=\"twitter:card\" content=\"summary_large_image\" \/>\n<meta name=\"twitter:label1\" content=\"Dur\u00e9e de lecture estim\u00e9e\" \/>\n\t<meta name=\"twitter:data1\" content=\"1 minute\" \/>\n<script type=\"application\/ld+json\" class=\"yoast-schema-graph\">{\"@context\":\"https:\\\/\\\/schema.org\",\"@graph\":[{\"@type\":\"WebPage\",\"@id\":\"https:\\\/\\\/bentobox-lieferservice.ch\\\/fr\\\/shop\\\/boite-a-bento\\\/boite-a-bento-en-bois\\\/\",\"url\":\"https:\\\/\\\/bentobox-lieferservice.ch\\\/fr\\\/shop\\\/boite-a-bento\\\/boite-a-bento-en-bois\\\/\",\"name\":\"Boite \u00e0 bent\u014d en bois\",\"isPartOf\":{\"@id\":\"https:\\\/\\\/bentobox-lieferservice.ch\\\/fr\\\/#website\"},\"primaryImageOfPage\":{\"@id\":\"https:\\\/\\\/bentobox-lieferservice.ch\\\/fr\\\/shop\\\/boite-a-bento\\\/boite-a-bento-en-bois\\\/#primaryimage\"},\"image\":{\"@id\":\"https:\\\/\\\/bentobox-lieferservice.ch\\\/fr\\\/shop\\\/boite-a-bento\\\/boite-a-bento-en-bois\\\/#primaryimage\"},\"thumbnailUrl\":\"https:\\\/\\\/i0.wp.com\\\/bentobox-lieferservice.ch\\\/wp-content\\\/uploads\\\/2017\\\/02\\\/BentoBox_holz.jpg?fit=945%2C756&ssl=1\",\"datePublished\":\"2017-02-02T20:51:07+00:00\",\"dateModified\":\"2020-01-23T19:29:41+00:00\",\"description\":\"Boite \u00e0 bent\u014d traditionelle du Japon\",\"breadcrumb\":{\"@id\":\"https:\\\/\\\/bentobox-lieferservice.ch\\\/fr\\\/shop\\\/boite-a-bento\\\/boite-a-bento-en-bois\\\/#breadcrumb\"},\"inLanguage\":\"fr-FR\",\"potentialAction\":[{\"@type\":\"ReadAction\",\"target\":[\"https:\\\/\\\/bentobox-lieferservice.ch\\\/fr\\\/shop\\\/boite-a-bento\\\/boite-a-bento-en-bois\\\/\"]}]},{\"@type\":\"ImageObject\",\"inLanguage\":\"fr-FR\",\"@id\":\"https:\\\/\\\/bentobox-lieferservice.ch\\\/fr\\\/shop\\\/boite-a-bento\\\/boite-a-bento-en-bois\\\/#primaryimage\",\"url\":\"https:\\\/\\\/i0.wp.com\\\/bentobox-lieferservice.ch\\\/wp-content\\\/uploads\\\/2017\\\/02\\\/BentoBox_holz.jpg?fit=945%2C756&ssl=1\",\"contentUrl\":\"https:\\\/\\\/i0.wp.com\\\/bentobox-lieferservice.ch\\\/wp-content\\\/uploads\\\/2017\\\/02\\\/BentoBox_holz.jpg?fit=945%2C756&ssl=1\",\"width\":945,\"height\":756,\"caption\":\"Boite \u00e0 bento en bois de c\u00e8dre\"},{\"@type\":\"BreadcrumbList\",\"@id\":\"https:\\\/\\\/bentobox-lieferservice.ch\\\/fr\\\/shop\\\/boite-a-bento\\\/boite-a-bento-en-bois\\\/#breadcrumb\",\"itemListElement\":[{\"@type\":\"ListItem\",\"position\":1,\"name\":\"Startseite\",\"item\":\"https:\\\/\\\/bentobox-lieferservice.ch\\\/fr\\\/bento-lieferservice-biel-bienne\\\/\"},{\"@type\":\"ListItem\",\"position\":2,\"name\":\"Boutique\",\"item\":\"https:\\\/\\\/bentobox-lieferservice.ch\\\/fr\\\/boutique\\\/\"},{\"@type\":\"ListItem\",\"position\":3,\"name\":\"Boite \u00e0 bent\u014d en bois\"}]},{\"@type\":\"WebSite\",\"@id\":\"https:\\\/\\\/bentobox-lieferservice.ch\\\/fr\\\/#website\",\"url\":\"https:\\\/\\\/bentobox-lieferservice.ch\\\/fr\\\/\",\"name\":\"Bento-Box-Lieferservice\",\"description\":\"Japanisches Mittagessen, geliefert in der wiederverwendbaren Bento-Box, mit regionalen und saisonalen Zutaten.\",\"publisher\":{\"@id\":\"https:\\\/\\\/bentobox-lieferservice.ch\\\/fr\\\/#organization\"},\"potentialAction\":[{\"@type\":\"SearchAction\",\"target\":{\"@type\":\"EntryPoint\",\"urlTemplate\":\"https:\\\/\\\/bentobox-lieferservice.ch\\\/fr\\\/?s={search_term_string}\"},\"query-input\":{\"@type\":\"PropertyValueSpecification\",\"valueRequired\":true,\"valueName\":\"search_term_string\"}}],\"inLanguage\":\"fr-FR\"},{\"@type\":\"Organization\",\"@id\":\"https:\\\/\\\/bentobox-lieferservice.ch\\\/fr\\\/#organization\",\"name\":\"Bento-Box-Lieferservice\",\"url\":\"https:\\\/\\\/bentobox-lieferservice.ch\\\/fr\\\/\",\"logo\":{\"@type\":\"ImageObject\",\"inLanguage\":\"fr-FR\",\"@id\":\"https:\\\/\\\/bentobox-lieferservice.ch\\\/fr\\\/#\\\/schema\\\/logo\\\/image\\\/\",\"url\":\"https:\\\/\\\/bentobox-lieferservice.ch\\\/wp-content\\\/uploads\\\/2020\\\/01\\\/IMG_2996-scaled-1.jpg\",\"contentUrl\":\"https:\\\/\\\/bentobox-lieferservice.ch\\\/wp-content\\\/uploads\\\/2020\\\/01\\\/IMG_2996-scaled-1.jpg\",\"width\":2560,\"height\":1707,\"caption\":\"Bento-Box-Lieferservice\"},\"image\":{\"@id\":\"https:\\\/\\\/bentobox-lieferservice.ch\\\/fr\\\/#\\\/schema\\\/logo\\\/image\\\/\"},\"sameAs\":[\"https:\\\/\\\/www.facebook.com\\\/LifeKI78\",\"https:\\\/\\\/www.instagram.com\\\/bentobox_ch\",\"https:\\\/\\\/www.youtube.com\\\/playlist?list=PLgFDv2-wOfr-MxRu3oHv5jx4aP-8sENll\"]}]}<\/script>\n<!-- \/ Yoast SEO plugin. -->","yoast_head_json":{"title":"Boite \u00e0 bent\u014d en bois","description":"Boite \u00e0 bent\u014d traditionelle du Japon","robots":{"index":"index","follow":"follow","max-snippet":"max-snippet:-1","max-image-preview":"max-image-preview:large","max-video-preview":"max-video-preview:-1"},"canonical":"https:\/\/bentobox-lieferservice.ch\/fr\/shop\/boite-a-bento\/boite-a-bento-en-bois\/","og_locale":"fr_FR","og_type":"article","og_title":"Boite \u00e0 bent\u014d en bois","og_description":"Boite \u00e0 bent\u014d traditionelle du Japon","og_url":"https:\/\/bentobox-lieferservice.ch\/fr\/shop\/boite-a-bento\/boite-a-bento-en-bois\/","og_site_name":"Bento-Lieferservice","article_publisher":"https:\/\/www.facebook.com\/LifeKI78","article_modified_time":"2020-01-23T19:29:41+00:00","og_image":[{"width":945,"height":756,"url":"https:\/\/bentobox-lieferservice.ch\/wp-content\/uploads\/2017\/02\/BentoBox_holz.jpg","type":"image\/jpeg"}],"twitter_card":"summary_large_image","twitter_misc":{"Dur\u00e9e de lecture estim\u00e9e":"1 minute"},"schema":{"@context":"https:\/\/schema.org","@graph":[{"@type":"WebPage","@id":"https:\/\/bentobox-lieferservice.ch\/fr\/shop\/boite-a-bento\/boite-a-bento-en-bois\/","url":"https:\/\/bentobox-lieferservice.ch\/fr\/shop\/boite-a-bento\/boite-a-bento-en-bois\/","name":"Boite \u00e0 bent\u014d en bois","isPartOf":{"@id":"https:\/\/bentobox-lieferservice.ch\/fr\/#website"},"primaryImageOfPage":{"@id":"https:\/\/bentobox-lieferservice.ch\/fr\/shop\/boite-a-bento\/boite-a-bento-en-bois\/#primaryimage"},"image":{"@id":"https:\/\/bentobox-lieferservice.ch\/fr\/shop\/boite-a-bento\/boite-a-bento-en-bois\/#primaryimage"},"thumbnailUrl":"https:\/\/i0.wp.com\/bentobox-lieferservice.ch\/wp-content\/uploads\/2017\/02\/BentoBox_holz.jpg?fit=945%2C756&ssl=1","datePublished":"2017-02-02T20:51:07+00:00","dateModified":"2020-01-23T19:29:41+00:00","description":"Boite \u00e0 bent\u014d traditionelle du Japon","breadcrumb":{"@id":"https:\/\/bentobox-lieferservice.ch\/fr\/shop\/boite-a-bento\/boite-a-bento-en-bois\/#breadcrumb"},"inLanguage":"fr-FR","potentialAction":[{"@type":"ReadAction","target":["https:\/\/bentobox-lieferservice.ch\/fr\/shop\/boite-a-bento\/boite-a-bento-en-bois\/"]}]},{"@type":"ImageObject","inLanguage":"fr-FR","@id":"https:\/\/bentobox-lieferservice.ch\/fr\/shop\/boite-a-bento\/boite-a-bento-en-bois\/#primaryimage","url":"https:\/\/i0.wp.com\/bentobox-lieferservice.ch\/wp-content\/uploads\/2017\/02\/BentoBox_holz.jpg?fit=945%2C756&ssl=1","contentUrl":"https:\/\/i0.wp.com\/bentobox-lieferservice.ch\/wp-content\/uploads\/2017\/02\/BentoBox_holz.jpg?fit=945%2C756&ssl=1","width":945,"height":756,"caption":"Boite \u00e0 bento en bois de c\u00e8dre"},{"@type":"BreadcrumbList","@id":"https:\/\/bentobox-lieferservice.ch\/fr\/shop\/boite-a-bento\/boite-a-bento-en-bois\/#breadcrumb","itemListElement":[{"@type":"ListItem","position":1,"name":"Startseite","item":"https:\/\/bentobox-lieferservice.ch\/fr\/bento-lieferservice-biel-bienne\/"},{"@type":"ListItem","position":2,"name":"Boutique","item":"https:\/\/bentobox-lieferservice.ch\/fr\/boutique\/"},{"@type":"ListItem","position":3,"name":"Boite \u00e0 bent\u014d en bois"}]},{"@type":"WebSite","@id":"https:\/\/bentobox-lieferservice.ch\/fr\/#website","url":"https:\/\/bentobox-lieferservice.ch\/fr\/","name":"Bento-Box-Lieferservice","description":"Japanisches Mittagessen, geliefert in der wiederverwendbaren Bento-Box, mit regionalen und saisonalen Zutaten.","publisher":{"@id":"https:\/\/bentobox-lieferservice.ch\/fr\/#organization"},"potentialAction":[{"@type":"SearchAction","target":{"@type":"EntryPoint","urlTemplate":"https:\/\/bentobox-lieferservice.ch\/fr\/?s={search_term_string}"},"query-input":{"@type":"PropertyValueSpecification","valueRequired":true,"valueName":"search_term_string"}}],"inLanguage":"fr-FR"},{"@type":"Organization","@id":"https:\/\/bentobox-lieferservice.ch\/fr\/#organization","name":"Bento-Box-Lieferservice","url":"https:\/\/bentobox-lieferservice.ch\/fr\/","logo":{"@type":"ImageObject","inLanguage":"fr-FR","@id":"https:\/\/bentobox-lieferservice.ch\/fr\/#\/schema\/logo\/image\/","url":"https:\/\/bentobox-lieferservice.ch\/wp-content\/uploads\/2020\/01\/IMG_2996-scaled-1.jpg","contentUrl":"https:\/\/bentobox-lieferservice.ch\/wp-content\/uploads\/2020\/01\/IMG_2996-scaled-1.jpg","width":2560,"height":1707,"caption":"Bento-Box-Lieferservice"},"image":{"@id":"https:\/\/bentobox-lieferservice.ch\/fr\/#\/schema\/logo\/image\/"},"sameAs":["https:\/\/www.facebook.com\/LifeKI78","https:\/\/www.instagram.com\/bentobox_ch","https:\/\/www.youtube.com\/playlist?list=PLgFDv2-wOfr-MxRu3oHv5jx4aP-8sENll"]}]}},"jetpack_sharing_enabled":true,"_links":{"self":[{"href":"https:\/\/bentobox-lieferservice.ch\/fr\/wp-json\/wp\/v2\/product\/299","targetHints":{"allow":["GET"]}}],"collection":[{"href":"https:\/\/bentobox-lieferservice.ch\/fr\/wp-json\/wp\/v2\/product"}],"about":[{"href":"https:\/\/bentobox-lieferservice.ch\/fr\/wp-json\/wp\/v2\/types\/product"}],"replies":[{"embeddable":true,"href":"https:\/\/bentobox-lieferservice.ch\/fr\/wp-json\/wp\/v2\/comments?post=299"}],"wp:featuredmedia":[{"embeddable":true,"href":"https:\/\/bentobox-lieferservice.ch\/fr\/wp-json\/wp\/v2\/media\/256"}],"wp:attachment":[{"href":"https:\/\/bentobox-lieferservice.ch\/fr\/wp-json\/wp\/v2\/media?parent=299"}],"wp:term":[{"taxonomy":"product_brand","embeddable":true,"href":"https:\/\/bentobox-lieferservice.ch\/fr\/wp-json\/wp\/v2\/product_brand?post=299"},{"taxonomy":"product_cat","embeddable":true,"href":"https:\/\/bentobox-lieferservice.ch\/fr\/wp-json\/wp\/v2\/product_cat?post=299"},{"taxonomy":"product_tag","embeddable":true,"href":"https:\/\/bentobox-lieferservice.ch\/fr\/wp-json\/wp\/v2\/product_tag?post=299"}],"curies":[{"name":"wp","href":"https:\/\/api.w.org\/{rel}","templated":true}]}}