{"id":3177,"date":"2022-01-19T16:29:53","date_gmt":"2022-01-19T15:29:53","guid":{"rendered":"https:\/\/bentobox-lieferservice.ch\/?post_type=product&#038;p=3177"},"modified":"2022-01-19T16:34:02","modified_gmt":"2022-01-19T15:34:02","slug":"livre-de-cuisine-digital-les-legumes-de-ta-region-prepares-a-la-facon-japonaise","status":"publish","type":"product","link":"https:\/\/bentobox-lieferservice.ch\/fr\/shop\/unkategorisiert\/livre-de-cuisine-digital-les-legumes-de-ta-region-prepares-a-la-facon-japonaise\/","title":{"rendered":"livre de cuisine digital &#8211; Les l\u00e9gumes de ta r\u00e9gion pr\u00e9par\u00e9s \u00e0 la fa\u00e7on japonaise"},"content":{"rendered":"<p>Les recettes sont id\u00e9ales pour remplir un bento ou simplement pour un d\u00e9licieux repas japonais.<br \/>\nCe livre de cuisine est bilingue (fran\u00e7ais \u2013 allemand).<\/p>\n<p>Les quantit\u00e9s sont sciemment indiqu\u00e9es pour 1 personne.<br \/>\nAinsi, elles peuvent \u00eatre adapt\u00e9es selon les besoins.<\/p>\n<p>Vous trouverez des conseils d\u2019achats \u00e0 la fin de ce livre.<\/p>\n","protected":false},"excerpt":{"rendered":"<p>Les recettes sont id\u00e9ales pour remplir un bento ou simplement pour un d\u00e9licieux repas japonais.<br \/>\nCe livre de cuisine est bilingue (fran\u00e7ais \u2013 allemand).<\/p>\n<p>Les quantit\u00e9s sont sciemment indiqu\u00e9es pour 1 personne.<br \/>\nAinsi, elles peuvent \u00eatre adapt\u00e9es selon les besoins.<\/p>\n<p>Vous trouverez des conseils d\u2019achats \u00e0 la fin de ce livre.<\/p>\n","protected":false},"featured_media":3184,"comment_status":"open","ping_status":"closed","template":"","meta":{"_et_pb_use_builder":"","_et_pb_old_content":"","_et_gb_content_width":""},"product_brand":[],"product_cat":[80],"product_tag":[],"class_list":{"0":"post-3177","1":"product","2":"type-product","3":"status-publish","4":"has-post-thumbnail","6":"product_cat-unkategorisiert","8":"first","9":"instock","10":"downloadable","11":"shipping-taxable","12":"purchasable","13":"product-type-simple"},"yoast_head":"<!-- This site is optimized with the Yoast SEO plugin v27.3 - https:\/\/yoast.com\/product\/yoast-seo-wordpress\/ -->\n<title>livre de cuisine digital - Les l\u00e9gumes de ta r\u00e9gion pr\u00e9par\u00e9s \u00e0 la fa\u00e7on japonaise - Bento-Lieferservice Bento-Lieferservice<\/title>\n<meta name=\"description\" content=\"livre de cuisine digital - Les l\u00e9gumes de ta r\u00e9gion pr\u00e9par\u00e9s \u00e0 la fa\u00e7on japonaise. De chaque saison il y a au moins 1 sorte de l\u00e9gumes\" \/>\n<meta name=\"robots\" content=\"index, follow, max-snippet:-1, max-image-preview:large, max-video-preview:-1\" \/>\n<link rel=\"canonical\" href=\"https:\/\/bentobox-lieferservice.ch\/fr\/shop\/unkategorisiert\/livre-de-cuisine-digital-les-legumes-de-ta-region-prepares-a-la-facon-japonaise\/\" \/>\n<meta property=\"og:locale\" content=\"fr_FR\" \/>\n<meta property=\"og:type\" content=\"article\" \/>\n<meta property=\"og:title\" content=\"livre de cuisine digital - Les l\u00e9gumes de ta r\u00e9gion pr\u00e9par\u00e9s \u00e0 la fa\u00e7on japonaise - Bento-Lieferservice Bento-Lieferservice\" \/>\n<meta property=\"og:description\" content=\"livre de cuisine digital - Les l\u00e9gumes de ta r\u00e9gion pr\u00e9par\u00e9s \u00e0 la fa\u00e7on japonaise. De chaque saison il y a au moins 1 sorte de l\u00e9gumes\" \/>\n<meta property=\"og:url\" content=\"https:\/\/bentobox-lieferservice.ch\/fr\/shop\/unkategorisiert\/livre-de-cuisine-digital-les-legumes-de-ta-region-prepares-a-la-facon-japonaise\/\" \/>\n<meta property=\"og:site_name\" content=\"Bento-Lieferservice\" \/>\n<meta property=\"article:publisher\" content=\"https:\/\/www.facebook.com\/LifeKI78\" \/>\n<meta property=\"article:modified_time\" content=\"2022-01-19T15:34:02+00:00\" \/>\n<meta property=\"og:image\" content=\"https:\/\/bentobox-lieferservice.ch\/wp-content\/uploads\/2022\/01\/titel.png\" \/>\n\t<meta property=\"og:image:width\" content=\"456\" \/>\n\t<meta property=\"og:image:height\" content=\"749\" \/>\n\t<meta property=\"og:image:type\" content=\"image\/png\" \/>\n<meta name=\"twitter:card\" content=\"summary_large_image\" \/>\n<meta name=\"twitter:label1\" content=\"Dur\u00e9e de lecture estim\u00e9e\" \/>\n\t<meta name=\"twitter:data1\" content=\"1 minute\" \/>\n<script type=\"application\/ld+json\" class=\"yoast-schema-graph\">{\"@context\":\"https:\\\/\\\/schema.org\",\"@graph\":[{\"@type\":\"WebPage\",\"@id\":\"https:\\\/\\\/bentobox-lieferservice.ch\\\/fr\\\/shop\\\/unkategorisiert\\\/livre-de-cuisine-digital-les-legumes-de-ta-region-prepares-a-la-facon-japonaise\\\/\",\"url\":\"https:\\\/\\\/bentobox-lieferservice.ch\\\/fr\\\/shop\\\/unkategorisiert\\\/livre-de-cuisine-digital-les-legumes-de-ta-region-prepares-a-la-facon-japonaise\\\/\",\"name\":\"livre de cuisine digital - Les l\u00e9gumes de ta r\u00e9gion pr\u00e9par\u00e9s \u00e0 la fa\u00e7on japonaise - Bento-Lieferservice Bento-Lieferservice\",\"isPartOf\":{\"@id\":\"https:\\\/\\\/bentobox-lieferservice.ch\\\/fr\\\/#website\"},\"primaryImageOfPage\":{\"@id\":\"https:\\\/\\\/bentobox-lieferservice.ch\\\/fr\\\/shop\\\/unkategorisiert\\\/livre-de-cuisine-digital-les-legumes-de-ta-region-prepares-a-la-facon-japonaise\\\/#primaryimage\"},\"image\":{\"@id\":\"https:\\\/\\\/bentobox-lieferservice.ch\\\/fr\\\/shop\\\/unkategorisiert\\\/livre-de-cuisine-digital-les-legumes-de-ta-region-prepares-a-la-facon-japonaise\\\/#primaryimage\"},\"thumbnailUrl\":\"https:\\\/\\\/i0.wp.com\\\/bentobox-lieferservice.ch\\\/wp-content\\\/uploads\\\/2022\\\/01\\\/titel.png?fit=456%2C749&ssl=1\",\"datePublished\":\"2022-01-19T15:29:53+00:00\",\"dateModified\":\"2022-01-19T15:34:02+00:00\",\"description\":\"livre de cuisine digital - Les l\u00e9gumes de ta r\u00e9gion pr\u00e9par\u00e9s \u00e0 la fa\u00e7on japonaise. De chaque saison il y a au moins 1 sorte de l\u00e9gumes\",\"breadcrumb\":{\"@id\":\"https:\\\/\\\/bentobox-lieferservice.ch\\\/fr\\\/shop\\\/unkategorisiert\\\/livre-de-cuisine-digital-les-legumes-de-ta-region-prepares-a-la-facon-japonaise\\\/#breadcrumb\"},\"inLanguage\":\"fr-FR\",\"potentialAction\":[{\"@type\":\"ReadAction\",\"target\":[\"https:\\\/\\\/bentobox-lieferservice.ch\\\/fr\\\/shop\\\/unkategorisiert\\\/livre-de-cuisine-digital-les-legumes-de-ta-region-prepares-a-la-facon-japonaise\\\/\"]}]},{\"@type\":\"ImageObject\",\"inLanguage\":\"fr-FR\",\"@id\":\"https:\\\/\\\/bentobox-lieferservice.ch\\\/fr\\\/shop\\\/unkategorisiert\\\/livre-de-cuisine-digital-les-legumes-de-ta-region-prepares-a-la-facon-japonaise\\\/#primaryimage\",\"url\":\"https:\\\/\\\/i0.wp.com\\\/bentobox-lieferservice.ch\\\/wp-content\\\/uploads\\\/2022\\\/01\\\/titel.png?fit=456%2C749&ssl=1\",\"contentUrl\":\"https:\\\/\\\/i0.wp.com\\\/bentobox-lieferservice.ch\\\/wp-content\\\/uploads\\\/2022\\\/01\\\/titel.png?fit=456%2C749&ssl=1\",\"width\":456,\"height\":749,\"caption\":\"Gem\u00fcse aus deiner Region japanisch zubereitet\"},{\"@type\":\"BreadcrumbList\",\"@id\":\"https:\\\/\\\/bentobox-lieferservice.ch\\\/fr\\\/shop\\\/unkategorisiert\\\/livre-de-cuisine-digital-les-legumes-de-ta-region-prepares-a-la-facon-japonaise\\\/#breadcrumb\",\"itemListElement\":[{\"@type\":\"ListItem\",\"position\":1,\"name\":\"Startseite\",\"item\":\"https:\\\/\\\/bentobox-lieferservice.ch\\\/fr\\\/bento-lieferservice-biel-bienne\\\/\"},{\"@type\":\"ListItem\",\"position\":2,\"name\":\"Boutique\",\"item\":\"https:\\\/\\\/bentobox-lieferservice.ch\\\/fr\\\/boutique\\\/\"},{\"@type\":\"ListItem\",\"position\":3,\"name\":\"livre de cuisine digital &#8211; Les l\u00e9gumes de ta r\u00e9gion pr\u00e9par\u00e9s \u00e0 la fa\u00e7on japonaise\"}]},{\"@type\":\"WebSite\",\"@id\":\"https:\\\/\\\/bentobox-lieferservice.ch\\\/fr\\\/#website\",\"url\":\"https:\\\/\\\/bentobox-lieferservice.ch\\\/fr\\\/\",\"name\":\"Bento-Box-Lieferservice\",\"description\":\"Japanisches Mittagessen, geliefert in der wiederverwendbaren Bento-Box, mit regionalen und saisonalen Zutaten.\",\"publisher\":{\"@id\":\"https:\\\/\\\/bentobox-lieferservice.ch\\\/fr\\\/#organization\"},\"potentialAction\":[{\"@type\":\"SearchAction\",\"target\":{\"@type\":\"EntryPoint\",\"urlTemplate\":\"https:\\\/\\\/bentobox-lieferservice.ch\\\/fr\\\/?s={search_term_string}\"},\"query-input\":{\"@type\":\"PropertyValueSpecification\",\"valueRequired\":true,\"valueName\":\"search_term_string\"}}],\"inLanguage\":\"fr-FR\"},{\"@type\":\"Organization\",\"@id\":\"https:\\\/\\\/bentobox-lieferservice.ch\\\/fr\\\/#organization\",\"name\":\"Bento-Box-Lieferservice\",\"url\":\"https:\\\/\\\/bentobox-lieferservice.ch\\\/fr\\\/\",\"logo\":{\"@type\":\"ImageObject\",\"inLanguage\":\"fr-FR\",\"@id\":\"https:\\\/\\\/bentobox-lieferservice.ch\\\/fr\\\/#\\\/schema\\\/logo\\\/image\\\/\",\"url\":\"https:\\\/\\\/bentobox-lieferservice.ch\\\/wp-content\\\/uploads\\\/2020\\\/01\\\/IMG_2996-scaled-1.jpg\",\"contentUrl\":\"https:\\\/\\\/bentobox-lieferservice.ch\\\/wp-content\\\/uploads\\\/2020\\\/01\\\/IMG_2996-scaled-1.jpg\",\"width\":2560,\"height\":1707,\"caption\":\"Bento-Box-Lieferservice\"},\"image\":{\"@id\":\"https:\\\/\\\/bentobox-lieferservice.ch\\\/fr\\\/#\\\/schema\\\/logo\\\/image\\\/\"},\"sameAs\":[\"https:\\\/\\\/www.facebook.com\\\/LifeKI78\",\"https:\\\/\\\/www.instagram.com\\\/bentobox_ch\",\"https:\\\/\\\/www.youtube.com\\\/playlist?list=PLgFDv2-wOfr-MxRu3oHv5jx4aP-8sENll\"]}]}<\/script>\n<!-- \/ Yoast SEO plugin. -->","yoast_head_json":{"title":"livre de cuisine digital - Les l\u00e9gumes de ta r\u00e9gion pr\u00e9par\u00e9s \u00e0 la fa\u00e7on japonaise - Bento-Lieferservice Bento-Lieferservice","description":"livre de cuisine digital - Les l\u00e9gumes de ta r\u00e9gion pr\u00e9par\u00e9s \u00e0 la fa\u00e7on japonaise. De chaque saison il y a au moins 1 sorte de l\u00e9gumes","robots":{"index":"index","follow":"follow","max-snippet":"max-snippet:-1","max-image-preview":"max-image-preview:large","max-video-preview":"max-video-preview:-1"},"canonical":"https:\/\/bentobox-lieferservice.ch\/fr\/shop\/unkategorisiert\/livre-de-cuisine-digital-les-legumes-de-ta-region-prepares-a-la-facon-japonaise\/","og_locale":"fr_FR","og_type":"article","og_title":"livre de cuisine digital - Les l\u00e9gumes de ta r\u00e9gion pr\u00e9par\u00e9s \u00e0 la fa\u00e7on japonaise - Bento-Lieferservice Bento-Lieferservice","og_description":"livre de cuisine digital - Les l\u00e9gumes de ta r\u00e9gion pr\u00e9par\u00e9s \u00e0 la fa\u00e7on japonaise. De chaque saison il y a au moins 1 sorte de l\u00e9gumes","og_url":"https:\/\/bentobox-lieferservice.ch\/fr\/shop\/unkategorisiert\/livre-de-cuisine-digital-les-legumes-de-ta-region-prepares-a-la-facon-japonaise\/","og_site_name":"Bento-Lieferservice","article_publisher":"https:\/\/www.facebook.com\/LifeKI78","article_modified_time":"2022-01-19T15:34:02+00:00","og_image":[{"width":456,"height":749,"url":"https:\/\/bentobox-lieferservice.ch\/wp-content\/uploads\/2022\/01\/titel.png","type":"image\/png"}],"twitter_card":"summary_large_image","twitter_misc":{"Dur\u00e9e de lecture estim\u00e9e":"1 minute"},"schema":{"@context":"https:\/\/schema.org","@graph":[{"@type":"WebPage","@id":"https:\/\/bentobox-lieferservice.ch\/fr\/shop\/unkategorisiert\/livre-de-cuisine-digital-les-legumes-de-ta-region-prepares-a-la-facon-japonaise\/","url":"https:\/\/bentobox-lieferservice.ch\/fr\/shop\/unkategorisiert\/livre-de-cuisine-digital-les-legumes-de-ta-region-prepares-a-la-facon-japonaise\/","name":"livre de cuisine digital - Les l\u00e9gumes de ta r\u00e9gion pr\u00e9par\u00e9s \u00e0 la fa\u00e7on japonaise - Bento-Lieferservice Bento-Lieferservice","isPartOf":{"@id":"https:\/\/bentobox-lieferservice.ch\/fr\/#website"},"primaryImageOfPage":{"@id":"https:\/\/bentobox-lieferservice.ch\/fr\/shop\/unkategorisiert\/livre-de-cuisine-digital-les-legumes-de-ta-region-prepares-a-la-facon-japonaise\/#primaryimage"},"image":{"@id":"https:\/\/bentobox-lieferservice.ch\/fr\/shop\/unkategorisiert\/livre-de-cuisine-digital-les-legumes-de-ta-region-prepares-a-la-facon-japonaise\/#primaryimage"},"thumbnailUrl":"https:\/\/i0.wp.com\/bentobox-lieferservice.ch\/wp-content\/uploads\/2022\/01\/titel.png?fit=456%2C749&ssl=1","datePublished":"2022-01-19T15:29:53+00:00","dateModified":"2022-01-19T15:34:02+00:00","description":"livre de cuisine digital - Les l\u00e9gumes de ta r\u00e9gion pr\u00e9par\u00e9s \u00e0 la fa\u00e7on japonaise. De chaque saison il y a au moins 1 sorte de l\u00e9gumes","breadcrumb":{"@id":"https:\/\/bentobox-lieferservice.ch\/fr\/shop\/unkategorisiert\/livre-de-cuisine-digital-les-legumes-de-ta-region-prepares-a-la-facon-japonaise\/#breadcrumb"},"inLanguage":"fr-FR","potentialAction":[{"@type":"ReadAction","target":["https:\/\/bentobox-lieferservice.ch\/fr\/shop\/unkategorisiert\/livre-de-cuisine-digital-les-legumes-de-ta-region-prepares-a-la-facon-japonaise\/"]}]},{"@type":"ImageObject","inLanguage":"fr-FR","@id":"https:\/\/bentobox-lieferservice.ch\/fr\/shop\/unkategorisiert\/livre-de-cuisine-digital-les-legumes-de-ta-region-prepares-a-la-facon-japonaise\/#primaryimage","url":"https:\/\/i0.wp.com\/bentobox-lieferservice.ch\/wp-content\/uploads\/2022\/01\/titel.png?fit=456%2C749&ssl=1","contentUrl":"https:\/\/i0.wp.com\/bentobox-lieferservice.ch\/wp-content\/uploads\/2022\/01\/titel.png?fit=456%2C749&ssl=1","width":456,"height":749,"caption":"Gem\u00fcse aus deiner Region japanisch zubereitet"},{"@type":"BreadcrumbList","@id":"https:\/\/bentobox-lieferservice.ch\/fr\/shop\/unkategorisiert\/livre-de-cuisine-digital-les-legumes-de-ta-region-prepares-a-la-facon-japonaise\/#breadcrumb","itemListElement":[{"@type":"ListItem","position":1,"name":"Startseite","item":"https:\/\/bentobox-lieferservice.ch\/fr\/bento-lieferservice-biel-bienne\/"},{"@type":"ListItem","position":2,"name":"Boutique","item":"https:\/\/bentobox-lieferservice.ch\/fr\/boutique\/"},{"@type":"ListItem","position":3,"name":"livre de cuisine digital &#8211; Les l\u00e9gumes de ta r\u00e9gion pr\u00e9par\u00e9s \u00e0 la fa\u00e7on japonaise"}]},{"@type":"WebSite","@id":"https:\/\/bentobox-lieferservice.ch\/fr\/#website","url":"https:\/\/bentobox-lieferservice.ch\/fr\/","name":"Bento-Box-Lieferservice","description":"Japanisches Mittagessen, geliefert in der wiederverwendbaren Bento-Box, mit regionalen und saisonalen Zutaten.","publisher":{"@id":"https:\/\/bentobox-lieferservice.ch\/fr\/#organization"},"potentialAction":[{"@type":"SearchAction","target":{"@type":"EntryPoint","urlTemplate":"https:\/\/bentobox-lieferservice.ch\/fr\/?s={search_term_string}"},"query-input":{"@type":"PropertyValueSpecification","valueRequired":true,"valueName":"search_term_string"}}],"inLanguage":"fr-FR"},{"@type":"Organization","@id":"https:\/\/bentobox-lieferservice.ch\/fr\/#organization","name":"Bento-Box-Lieferservice","url":"https:\/\/bentobox-lieferservice.ch\/fr\/","logo":{"@type":"ImageObject","inLanguage":"fr-FR","@id":"https:\/\/bentobox-lieferservice.ch\/fr\/#\/schema\/logo\/image\/","url":"https:\/\/bentobox-lieferservice.ch\/wp-content\/uploads\/2020\/01\/IMG_2996-scaled-1.jpg","contentUrl":"https:\/\/bentobox-lieferservice.ch\/wp-content\/uploads\/2020\/01\/IMG_2996-scaled-1.jpg","width":2560,"height":1707,"caption":"Bento-Box-Lieferservice"},"image":{"@id":"https:\/\/bentobox-lieferservice.ch\/fr\/#\/schema\/logo\/image\/"},"sameAs":["https:\/\/www.facebook.com\/LifeKI78","https:\/\/www.instagram.com\/bentobox_ch","https:\/\/www.youtube.com\/playlist?list=PLgFDv2-wOfr-MxRu3oHv5jx4aP-8sENll"]}]}},"jetpack_sharing_enabled":true,"_links":{"self":[{"href":"https:\/\/bentobox-lieferservice.ch\/fr\/wp-json\/wp\/v2\/product\/3177","targetHints":{"allow":["GET"]}}],"collection":[{"href":"https:\/\/bentobox-lieferservice.ch\/fr\/wp-json\/wp\/v2\/product"}],"about":[{"href":"https:\/\/bentobox-lieferservice.ch\/fr\/wp-json\/wp\/v2\/types\/product"}],"replies":[{"embeddable":true,"href":"https:\/\/bentobox-lieferservice.ch\/fr\/wp-json\/wp\/v2\/comments?post=3177"}],"wp:featuredmedia":[{"embeddable":true,"href":"https:\/\/bentobox-lieferservice.ch\/fr\/wp-json\/wp\/v2\/media\/3184"}],"wp:attachment":[{"href":"https:\/\/bentobox-lieferservice.ch\/fr\/wp-json\/wp\/v2\/media?parent=3177"}],"wp:term":[{"taxonomy":"product_brand","embeddable":true,"href":"https:\/\/bentobox-lieferservice.ch\/fr\/wp-json\/wp\/v2\/product_brand?post=3177"},{"taxonomy":"product_cat","embeddable":true,"href":"https:\/\/bentobox-lieferservice.ch\/fr\/wp-json\/wp\/v2\/product_cat?post=3177"},{"taxonomy":"product_tag","embeddable":true,"href":"https:\/\/bentobox-lieferservice.ch\/fr\/wp-json\/wp\/v2\/product_tag?post=3177"}],"curies":[{"name":"wp","href":"https:\/\/api.w.org\/{rel}","templated":true}]}}