{"id":4061,"date":"2024-02-04T22:18:27","date_gmt":"2024-02-04T21:23:49","guid":{"rendered":"https:\/\/bentobox-lieferservice.ch\/shop\/non class\u00e9\/boite-a-bento-ojyu\/"},"modified":"2024-02-04T22:23:49","modified_gmt":"2024-02-04T21:23:49","slug":"boite-a-bento-ojyu","status":"publish","type":"product","link":"https:\/\/bentobox-lieferservice.ch\/fr\/shop\/boite-a-bento\/boite-a-bento-ojyu\/","title":{"rendered":"Bo\u00eete \u00e0 bento Ojyu"},"content":{"rendered":"<p>Bo\u00eete \u00e0 bento Ojyu<\/p>\n<p>Bento \u00e0 2 \u00e9tages d&rsquo;une contenance de 560 ml (280 ml x 2) &#8211; taille M<\/p>\n<p>Avec deux couvercles int\u00e9rieurs herm\u00e9tiques et un \u00e9lastique noir. En outre, des moules en silicone et une recette sont donn\u00e9s.<\/p>\n<p>Dimensions de la bo\u00eete : 170 x 63 x 79 mm<\/p>\n<p>R\u00e9sistant au micro-ondes et au lave-vaisselle<\/p>\n<p>Fabriqu\u00e9 en plastique PET au Japon<\/p>\n","protected":false},"excerpt":{"rendered":"<p>Bo\u00eete \u00e0 bento Ojyu<\/p>\n<p>Bento \u00e0 2 \u00e9tages d&rsquo;une contenance de 560 ml (280 ml x 2) &#8211; taille M<\/p>\n<p>Avec deux couvercles int\u00e9rieurs herm\u00e9tiques et un \u00e9lastique noir. En outre, des moules en silicone et une recette sont donn\u00e9s.<\/p>\n<p>Dimensions de la bo\u00eete : 170 x 63 x 79 mm<\/p>\n<p>R\u00e9sistant au micro-ondes et au lave-vaisselle<\/p>\n<p>Fabriqu\u00e9 en plastique PET au Japon<\/p>\n","protected":false},"featured_media":4052,"comment_status":"open","ping_status":"closed","template":"","meta":{"_et_pb_use_builder":"","_et_pb_old_content":"","_et_gb_content_width":""},"product_brand":[],"product_cat":[65],"product_tag":[],"class_list":{"0":"post-4061","1":"product","2":"type-product","3":"status-publish","4":"has-post-thumbnail","6":"product_cat-boite-a-bento","8":"first","9":"instock","10":"shipping-taxable","11":"purchasable","12":"product-type-simple"},"yoast_head":"<!-- This site is optimized with the Yoast SEO plugin v27.4 - https:\/\/yoast.com\/product\/yoast-seo-wordpress\/ -->\n<title>Bo\u00eete \u00e0 bento Ojyu - Bento-Lieferservice<\/title>\n<meta name=\"description\" content=\"Bento \u00e0 2 \u00e9tages d&#039;une capacit\u00e9 de 560 ml. Vendu avec un \u00e9lastique, des recettes et des moules. Ton compagnon id\u00e9al pour tes repas en d\u00e9placement.\" \/>\n<meta name=\"robots\" content=\"index, follow, max-snippet:-1, max-image-preview:large, max-video-preview:-1\" \/>\n<link rel=\"canonical\" href=\"https:\/\/bentobox-lieferservice.ch\/fr\/shop\/boite-a-bento\/boite-a-bento-ojyu\/\" \/>\n<meta property=\"og:locale\" content=\"fr_FR\" \/>\n<meta property=\"og:type\" content=\"article\" \/>\n<meta property=\"og:title\" content=\"Bo\u00eete \u00e0 bento Ojyu - Bento-Lieferservice\" \/>\n<meta property=\"og:description\" content=\"Bento \u00e0 2 \u00e9tages d&#039;une capacit\u00e9 de 560 ml. Vendu avec un \u00e9lastique, des recettes et des moules. Ton compagnon id\u00e9al pour tes repas en d\u00e9placement.\" \/>\n<meta property=\"og:url\" content=\"https:\/\/bentobox-lieferservice.ch\/fr\/shop\/boite-a-bento\/boite-a-bento-ojyu\/\" \/>\n<meta property=\"og:site_name\" content=\"Bento-Lieferservice\" \/>\n<meta property=\"article:publisher\" content=\"https:\/\/www.facebook.com\/LifeKI78\" \/>\n<meta property=\"og:image\" content=\"https:\/\/i0.wp.com\/bentobox-lieferservice.ch\/wp-content\/uploads\/2024\/02\/IMG20240130144059-scaled.jpg?fit=1440%2C2560&ssl=1\" \/>\n\t<meta property=\"og:image:width\" content=\"1440\" \/>\n\t<meta property=\"og:image:height\" content=\"2560\" \/>\n\t<meta property=\"og:image:type\" content=\"image\/jpeg\" \/>\n<meta name=\"twitter:card\" content=\"summary_large_image\" \/>\n<script type=\"application\/ld+json\" class=\"yoast-schema-graph\">{\"@context\":\"https:\\\/\\\/schema.org\",\"@graph\":[{\"@type\":\"WebPage\",\"@id\":\"https:\\\/\\\/bentobox-lieferservice.ch\\\/fr\\\/shop\\\/boite-a-bento\\\/boite-a-bento-ojyu\\\/\",\"url\":\"https:\\\/\\\/bentobox-lieferservice.ch\\\/fr\\\/shop\\\/boite-a-bento\\\/boite-a-bento-ojyu\\\/\",\"name\":\"Bo\u00eete \u00e0 bento Ojyu - Bento-Lieferservice\",\"isPartOf\":{\"@id\":\"https:\\\/\\\/bentobox-lieferservice.ch\\\/fr\\\/#website\"},\"primaryImageOfPage\":{\"@id\":\"https:\\\/\\\/bentobox-lieferservice.ch\\\/fr\\\/shop\\\/boite-a-bento\\\/boite-a-bento-ojyu\\\/#primaryimage\"},\"image\":{\"@id\":\"https:\\\/\\\/bentobox-lieferservice.ch\\\/fr\\\/shop\\\/boite-a-bento\\\/boite-a-bento-ojyu\\\/#primaryimage\"},\"thumbnailUrl\":\"https:\\\/\\\/i0.wp.com\\\/bentobox-lieferservice.ch\\\/wp-content\\\/uploads\\\/2024\\\/02\\\/IMG20240130144059-scaled.jpg?fit=1440%2C2560&ssl=1\",\"datePublished\":\"2024-02-04T21:23:49+00:00\",\"description\":\"Bento \u00e0 2 \u00e9tages d'une capacit\u00e9 de 560 ml. Vendu avec un \u00e9lastique, des recettes et des moules. Ton compagnon id\u00e9al pour tes repas en d\u00e9placement.\",\"breadcrumb\":{\"@id\":\"https:\\\/\\\/bentobox-lieferservice.ch\\\/fr\\\/shop\\\/boite-a-bento\\\/boite-a-bento-ojyu\\\/#breadcrumb\"},\"inLanguage\":\"fr-FR\",\"potentialAction\":[{\"@type\":\"ReadAction\",\"target\":[\"https:\\\/\\\/bentobox-lieferservice.ch\\\/fr\\\/shop\\\/boite-a-bento\\\/boite-a-bento-ojyu\\\/\"]}]},{\"@type\":\"ImageObject\",\"inLanguage\":\"fr-FR\",\"@id\":\"https:\\\/\\\/bentobox-lieferservice.ch\\\/fr\\\/shop\\\/boite-a-bento\\\/boite-a-bento-ojyu\\\/#primaryimage\",\"url\":\"https:\\\/\\\/i0.wp.com\\\/bentobox-lieferservice.ch\\\/wp-content\\\/uploads\\\/2024\\\/02\\\/IMG20240130144059-scaled.jpg?fit=1440%2C2560&ssl=1\",\"contentUrl\":\"https:\\\/\\\/i0.wp.com\\\/bentobox-lieferservice.ch\\\/wp-content\\\/uploads\\\/2024\\\/02\\\/IMG20240130144059-scaled.jpg?fit=1440%2C2560&ssl=1\",\"width\":1440,\"height\":2560,\"caption\":\"Ojyu-Bento-Box\"},{\"@type\":\"BreadcrumbList\",\"@id\":\"https:\\\/\\\/bentobox-lieferservice.ch\\\/fr\\\/shop\\\/boite-a-bento\\\/boite-a-bento-ojyu\\\/#breadcrumb\",\"itemListElement\":[{\"@type\":\"ListItem\",\"position\":1,\"name\":\"Startseite\",\"item\":\"https:\\\/\\\/bentobox-lieferservice.ch\\\/fr\\\/bento-lieferservice-biel-bienne\\\/\"},{\"@type\":\"ListItem\",\"position\":2,\"name\":\"Boutique\",\"item\":\"https:\\\/\\\/bentobox-lieferservice.ch\\\/fr\\\/boutique\\\/\"},{\"@type\":\"ListItem\",\"position\":3,\"name\":\"Bo\u00eete \u00e0 bento Ojyu\"}]},{\"@type\":\"WebSite\",\"@id\":\"https:\\\/\\\/bentobox-lieferservice.ch\\\/fr\\\/#website\",\"url\":\"https:\\\/\\\/bentobox-lieferservice.ch\\\/fr\\\/\",\"name\":\"Bento-Box-Lieferservice\",\"description\":\"Japanisches Mittagessen, geliefert in der wiederverwendbaren Bento-Box, mit regionalen und saisonalen Zutaten.\",\"publisher\":{\"@id\":\"https:\\\/\\\/bentobox-lieferservice.ch\\\/fr\\\/#organization\"},\"potentialAction\":[{\"@type\":\"SearchAction\",\"target\":{\"@type\":\"EntryPoint\",\"urlTemplate\":\"https:\\\/\\\/bentobox-lieferservice.ch\\\/fr\\\/?s={search_term_string}\"},\"query-input\":{\"@type\":\"PropertyValueSpecification\",\"valueRequired\":true,\"valueName\":\"search_term_string\"}}],\"inLanguage\":\"fr-FR\"},{\"@type\":\"Organization\",\"@id\":\"https:\\\/\\\/bentobox-lieferservice.ch\\\/fr\\\/#organization\",\"name\":\"Bento-Box-Lieferservice\",\"url\":\"https:\\\/\\\/bentobox-lieferservice.ch\\\/fr\\\/\",\"logo\":{\"@type\":\"ImageObject\",\"inLanguage\":\"fr-FR\",\"@id\":\"https:\\\/\\\/bentobox-lieferservice.ch\\\/fr\\\/#\\\/schema\\\/logo\\\/image\\\/\",\"url\":\"https:\\\/\\\/bentobox-lieferservice.ch\\\/wp-content\\\/uploads\\\/2020\\\/01\\\/IMG_2996-scaled-1.jpg\",\"contentUrl\":\"https:\\\/\\\/bentobox-lieferservice.ch\\\/wp-content\\\/uploads\\\/2020\\\/01\\\/IMG_2996-scaled-1.jpg\",\"width\":2560,\"height\":1707,\"caption\":\"Bento-Box-Lieferservice\"},\"image\":{\"@id\":\"https:\\\/\\\/bentobox-lieferservice.ch\\\/fr\\\/#\\\/schema\\\/logo\\\/image\\\/\"},\"sameAs\":[\"https:\\\/\\\/www.facebook.com\\\/LifeKI78\",\"https:\\\/\\\/www.instagram.com\\\/bentobox_ch\",\"https:\\\/\\\/www.youtube.com\\\/playlist?list=PLgFDv2-wOfr-MxRu3oHv5jx4aP-8sENll\"]}]}<\/script>\n<!-- \/ Yoast SEO plugin. -->","yoast_head_json":{"title":"Bo\u00eete \u00e0 bento Ojyu - Bento-Lieferservice","description":"Bento \u00e0 2 \u00e9tages d'une capacit\u00e9 de 560 ml. Vendu avec un \u00e9lastique, des recettes et des moules. Ton compagnon id\u00e9al pour tes repas en d\u00e9placement.","robots":{"index":"index","follow":"follow","max-snippet":"max-snippet:-1","max-image-preview":"max-image-preview:large","max-video-preview":"max-video-preview:-1"},"canonical":"https:\/\/bentobox-lieferservice.ch\/fr\/shop\/boite-a-bento\/boite-a-bento-ojyu\/","og_locale":"fr_FR","og_type":"article","og_title":"Bo\u00eete \u00e0 bento Ojyu - Bento-Lieferservice","og_description":"Bento \u00e0 2 \u00e9tages d'une capacit\u00e9 de 560 ml. Vendu avec un \u00e9lastique, des recettes et des moules. Ton compagnon id\u00e9al pour tes repas en d\u00e9placement.","og_url":"https:\/\/bentobox-lieferservice.ch\/fr\/shop\/boite-a-bento\/boite-a-bento-ojyu\/","og_site_name":"Bento-Lieferservice","article_publisher":"https:\/\/www.facebook.com\/LifeKI78","og_image":[{"width":1440,"height":2560,"url":"https:\/\/i0.wp.com\/bentobox-lieferservice.ch\/wp-content\/uploads\/2024\/02\/IMG20240130144059-scaled.jpg?fit=1440%2C2560&ssl=1","type":"image\/jpeg"}],"twitter_card":"summary_large_image","schema":{"@context":"https:\/\/schema.org","@graph":[{"@type":"WebPage","@id":"https:\/\/bentobox-lieferservice.ch\/fr\/shop\/boite-a-bento\/boite-a-bento-ojyu\/","url":"https:\/\/bentobox-lieferservice.ch\/fr\/shop\/boite-a-bento\/boite-a-bento-ojyu\/","name":"Bo\u00eete \u00e0 bento Ojyu - Bento-Lieferservice","isPartOf":{"@id":"https:\/\/bentobox-lieferservice.ch\/fr\/#website"},"primaryImageOfPage":{"@id":"https:\/\/bentobox-lieferservice.ch\/fr\/shop\/boite-a-bento\/boite-a-bento-ojyu\/#primaryimage"},"image":{"@id":"https:\/\/bentobox-lieferservice.ch\/fr\/shop\/boite-a-bento\/boite-a-bento-ojyu\/#primaryimage"},"thumbnailUrl":"https:\/\/i0.wp.com\/bentobox-lieferservice.ch\/wp-content\/uploads\/2024\/02\/IMG20240130144059-scaled.jpg?fit=1440%2C2560&ssl=1","datePublished":"2024-02-04T21:23:49+00:00","description":"Bento \u00e0 2 \u00e9tages d'une capacit\u00e9 de 560 ml. Vendu avec un \u00e9lastique, des recettes et des moules. Ton compagnon id\u00e9al pour tes repas en d\u00e9placement.","breadcrumb":{"@id":"https:\/\/bentobox-lieferservice.ch\/fr\/shop\/boite-a-bento\/boite-a-bento-ojyu\/#breadcrumb"},"inLanguage":"fr-FR","potentialAction":[{"@type":"ReadAction","target":["https:\/\/bentobox-lieferservice.ch\/fr\/shop\/boite-a-bento\/boite-a-bento-ojyu\/"]}]},{"@type":"ImageObject","inLanguage":"fr-FR","@id":"https:\/\/bentobox-lieferservice.ch\/fr\/shop\/boite-a-bento\/boite-a-bento-ojyu\/#primaryimage","url":"https:\/\/i0.wp.com\/bentobox-lieferservice.ch\/wp-content\/uploads\/2024\/02\/IMG20240130144059-scaled.jpg?fit=1440%2C2560&ssl=1","contentUrl":"https:\/\/i0.wp.com\/bentobox-lieferservice.ch\/wp-content\/uploads\/2024\/02\/IMG20240130144059-scaled.jpg?fit=1440%2C2560&ssl=1","width":1440,"height":2560,"caption":"Ojyu-Bento-Box"},{"@type":"BreadcrumbList","@id":"https:\/\/bentobox-lieferservice.ch\/fr\/shop\/boite-a-bento\/boite-a-bento-ojyu\/#breadcrumb","itemListElement":[{"@type":"ListItem","position":1,"name":"Startseite","item":"https:\/\/bentobox-lieferservice.ch\/fr\/bento-lieferservice-biel-bienne\/"},{"@type":"ListItem","position":2,"name":"Boutique","item":"https:\/\/bentobox-lieferservice.ch\/fr\/boutique\/"},{"@type":"ListItem","position":3,"name":"Bo\u00eete \u00e0 bento Ojyu"}]},{"@type":"WebSite","@id":"https:\/\/bentobox-lieferservice.ch\/fr\/#website","url":"https:\/\/bentobox-lieferservice.ch\/fr\/","name":"Bento-Box-Lieferservice","description":"Japanisches Mittagessen, geliefert in der wiederverwendbaren Bento-Box, mit regionalen und saisonalen Zutaten.","publisher":{"@id":"https:\/\/bentobox-lieferservice.ch\/fr\/#organization"},"potentialAction":[{"@type":"SearchAction","target":{"@type":"EntryPoint","urlTemplate":"https:\/\/bentobox-lieferservice.ch\/fr\/?s={search_term_string}"},"query-input":{"@type":"PropertyValueSpecification","valueRequired":true,"valueName":"search_term_string"}}],"inLanguage":"fr-FR"},{"@type":"Organization","@id":"https:\/\/bentobox-lieferservice.ch\/fr\/#organization","name":"Bento-Box-Lieferservice","url":"https:\/\/bentobox-lieferservice.ch\/fr\/","logo":{"@type":"ImageObject","inLanguage":"fr-FR","@id":"https:\/\/bentobox-lieferservice.ch\/fr\/#\/schema\/logo\/image\/","url":"https:\/\/bentobox-lieferservice.ch\/wp-content\/uploads\/2020\/01\/IMG_2996-scaled-1.jpg","contentUrl":"https:\/\/bentobox-lieferservice.ch\/wp-content\/uploads\/2020\/01\/IMG_2996-scaled-1.jpg","width":2560,"height":1707,"caption":"Bento-Box-Lieferservice"},"image":{"@id":"https:\/\/bentobox-lieferservice.ch\/fr\/#\/schema\/logo\/image\/"},"sameAs":["https:\/\/www.facebook.com\/LifeKI78","https:\/\/www.instagram.com\/bentobox_ch","https:\/\/www.youtube.com\/playlist?list=PLgFDv2-wOfr-MxRu3oHv5jx4aP-8sENll"]}]}},"jetpack_sharing_enabled":true,"_links":{"self":[{"href":"https:\/\/bentobox-lieferservice.ch\/fr\/wp-json\/wp\/v2\/product\/4061","targetHints":{"allow":["GET"]}}],"collection":[{"href":"https:\/\/bentobox-lieferservice.ch\/fr\/wp-json\/wp\/v2\/product"}],"about":[{"href":"https:\/\/bentobox-lieferservice.ch\/fr\/wp-json\/wp\/v2\/types\/product"}],"replies":[{"embeddable":true,"href":"https:\/\/bentobox-lieferservice.ch\/fr\/wp-json\/wp\/v2\/comments?post=4061"}],"wp:featuredmedia":[{"embeddable":true,"href":"https:\/\/bentobox-lieferservice.ch\/fr\/wp-json\/wp\/v2\/media\/4052"}],"wp:attachment":[{"href":"https:\/\/bentobox-lieferservice.ch\/fr\/wp-json\/wp\/v2\/media?parent=4061"}],"wp:term":[{"taxonomy":"product_brand","embeddable":true,"href":"https:\/\/bentobox-lieferservice.ch\/fr\/wp-json\/wp\/v2\/product_brand?post=4061"},{"taxonomy":"product_cat","embeddable":true,"href":"https:\/\/bentobox-lieferservice.ch\/fr\/wp-json\/wp\/v2\/product_cat?post=4061"},{"taxonomy":"product_tag","embeddable":true,"href":"https:\/\/bentobox-lieferservice.ch\/fr\/wp-json\/wp\/v2\/product_tag?post=4061"}],"curies":[{"name":"wp","href":"https:\/\/api.w.org\/{rel}","templated":true}]}}