{"id":4096,"date":"2024-02-16T21:59:48","date_gmt":"2024-02-16T21:02:59","guid":{"rendered":"https:\/\/bentobox-lieferservice.ch\/shop\/non class\u00e9\/sakura-mokume-bento-box\/"},"modified":"2024-02-16T22:02:59","modified_gmt":"2024-02-16T21:02:59","slug":"sakura-mokume-bento-box","status":"publish","type":"product","link":"https:\/\/bentobox-lieferservice.ch\/fr\/shop\/boite-a-bento\/sakura-mokume-bento-box\/","title":{"rendered":"Sakura Mokume Bento-Box"},"content":{"rendered":"<h1>Sakura Mokume Bento &#8211; 600ml<\/h1>\n<p>Dimensions : 16,2 x 10,7 x 5 cm<br \/>\nCapacit\u00e9 : 600ml<br \/>\nMat\u00e9riaux : PET.A, PP (compartiment int\u00e9rieur)<br \/>\nR\u00e9sistant au lave-vaisselle et au micro-ondes<br \/>\nProduit au Japon<\/p>\n<p>Inclus un \u00e9lastique blanc, des id\u00e9es de recettes et des moules<\/p>\n","protected":false},"excerpt":{"rendered":"<h1>Sakura Mokume Bento &#8211; 600ml<\/h1>\n<p>Dimensions : 16,2 x 10,7 x 5 cm<br \/>\nCapacit\u00e9 : 600ml<br \/>\nMat\u00e9riaux : PET.A, PP (compartiment int\u00e9rieur)<br \/>\nR\u00e9sistant au lave-vaisselle et au micro-ondes<br \/>\nProduit au Japon<\/p>\n<p>Inclus un \u00e9lastique blanc, des id\u00e9es de recettes et des moules<\/p>\n","protected":false},"featured_media":4091,"comment_status":"open","ping_status":"closed","template":"","meta":{"_et_pb_use_builder":"","_et_pb_old_content":"","_et_gb_content_width":""},"product_brand":[],"product_cat":[65],"product_tag":[],"class_list":{"0":"post-4096","1":"product","2":"type-product","3":"status-publish","4":"has-post-thumbnail","6":"product_cat-boite-a-bento","8":"first","9":"instock","10":"shipping-taxable","11":"purchasable","12":"product-type-simple"},"yoast_head":"<!-- This site is optimized with the Yoast SEO plugin v27.4 - https:\/\/yoast.com\/product\/yoast-seo-wordpress\/ -->\n<title>Sakura Mokume Bento-Box - Bento-Lieferservice<\/title>\n<meta name=\"description\" content=\"Sakura Mokume Bento-Box - Fabriqu\u00e9 au Japon. Inclut un \u00e9lastique blanc, des id\u00e9es de recettes et des moules.\" \/>\n<meta name=\"robots\" content=\"index, follow, max-snippet:-1, max-image-preview:large, max-video-preview:-1\" \/>\n<link rel=\"canonical\" href=\"https:\/\/bentobox-lieferservice.ch\/fr\/shop\/boite-a-bento\/sakura-mokume-bento-box\/\" \/>\n<meta property=\"og:locale\" content=\"fr_FR\" \/>\n<meta property=\"og:type\" content=\"article\" \/>\n<meta property=\"og:title\" content=\"Sakura Mokume Bento-Box - Bento-Lieferservice\" \/>\n<meta property=\"og:description\" content=\"Sakura Mokume Bento-Box - Fabriqu\u00e9 au Japon. Inclut un \u00e9lastique blanc, des id\u00e9es de recettes et des moules.\" \/>\n<meta property=\"og:url\" content=\"https:\/\/bentobox-lieferservice.ch\/fr\/shop\/boite-a-bento\/sakura-mokume-bento-box\/\" \/>\n<meta property=\"og:site_name\" content=\"Bento-Lieferservice\" \/>\n<meta property=\"article:publisher\" content=\"https:\/\/www.facebook.com\/LifeKI78\" \/>\n<meta property=\"og:image\" content=\"https:\/\/i0.wp.com\/bentobox-lieferservice.ch\/wp-content\/uploads\/2024\/02\/IMG20240130145050-scaled.jpg?fit=1440%2C2560&ssl=1\" \/>\n\t<meta property=\"og:image:width\" content=\"1440\" \/>\n\t<meta property=\"og:image:height\" content=\"2560\" \/>\n\t<meta property=\"og:image:type\" content=\"image\/jpeg\" \/>\n<meta name=\"twitter:card\" content=\"summary_large_image\" \/>\n<script type=\"application\/ld+json\" class=\"yoast-schema-graph\">{\"@context\":\"https:\\\/\\\/schema.org\",\"@graph\":[{\"@type\":\"WebPage\",\"@id\":\"https:\\\/\\\/bentobox-lieferservice.ch\\\/fr\\\/shop\\\/boite-a-bento\\\/sakura-mokume-bento-box\\\/\",\"url\":\"https:\\\/\\\/bentobox-lieferservice.ch\\\/fr\\\/shop\\\/boite-a-bento\\\/sakura-mokume-bento-box\\\/\",\"name\":\"Sakura Mokume Bento-Box - Bento-Lieferservice\",\"isPartOf\":{\"@id\":\"https:\\\/\\\/bentobox-lieferservice.ch\\\/fr\\\/#website\"},\"primaryImageOfPage\":{\"@id\":\"https:\\\/\\\/bentobox-lieferservice.ch\\\/fr\\\/shop\\\/boite-a-bento\\\/sakura-mokume-bento-box\\\/#primaryimage\"},\"image\":{\"@id\":\"https:\\\/\\\/bentobox-lieferservice.ch\\\/fr\\\/shop\\\/boite-a-bento\\\/sakura-mokume-bento-box\\\/#primaryimage\"},\"thumbnailUrl\":\"https:\\\/\\\/i0.wp.com\\\/bentobox-lieferservice.ch\\\/wp-content\\\/uploads\\\/2024\\\/02\\\/IMG20240130145050-scaled.jpg?fit=1440%2C2560&ssl=1\",\"datePublished\":\"2024-02-16T21:02:59+00:00\",\"description\":\"Sakura Mokume Bento-Box - Fabriqu\u00e9 au Japon. Inclut un \u00e9lastique blanc, des id\u00e9es de recettes et des moules.\",\"breadcrumb\":{\"@id\":\"https:\\\/\\\/bentobox-lieferservice.ch\\\/fr\\\/shop\\\/boite-a-bento\\\/sakura-mokume-bento-box\\\/#breadcrumb\"},\"inLanguage\":\"fr-FR\",\"potentialAction\":[{\"@type\":\"ReadAction\",\"target\":[\"https:\\\/\\\/bentobox-lieferservice.ch\\\/fr\\\/shop\\\/boite-a-bento\\\/sakura-mokume-bento-box\\\/\"]}]},{\"@type\":\"ImageObject\",\"inLanguage\":\"fr-FR\",\"@id\":\"https:\\\/\\\/bentobox-lieferservice.ch\\\/fr\\\/shop\\\/boite-a-bento\\\/sakura-mokume-bento-box\\\/#primaryimage\",\"url\":\"https:\\\/\\\/i0.wp.com\\\/bentobox-lieferservice.ch\\\/wp-content\\\/uploads\\\/2024\\\/02\\\/IMG20240130145050-scaled.jpg?fit=1440%2C2560&ssl=1\",\"contentUrl\":\"https:\\\/\\\/i0.wp.com\\\/bentobox-lieferservice.ch\\\/wp-content\\\/uploads\\\/2024\\\/02\\\/IMG20240130145050-scaled.jpg?fit=1440%2C2560&ssl=1\",\"width\":1440,\"height\":2560,\"caption\":\"Sakura Mokume Bento-Box\"},{\"@type\":\"BreadcrumbList\",\"@id\":\"https:\\\/\\\/bentobox-lieferservice.ch\\\/fr\\\/shop\\\/boite-a-bento\\\/sakura-mokume-bento-box\\\/#breadcrumb\",\"itemListElement\":[{\"@type\":\"ListItem\",\"position\":1,\"name\":\"Startseite\",\"item\":\"https:\\\/\\\/bentobox-lieferservice.ch\\\/fr\\\/bento-lieferservice-biel-bienne\\\/\"},{\"@type\":\"ListItem\",\"position\":2,\"name\":\"Boutique\",\"item\":\"https:\\\/\\\/bentobox-lieferservice.ch\\\/fr\\\/boutique\\\/\"},{\"@type\":\"ListItem\",\"position\":3,\"name\":\"Sakura Mokume Bento-Box\"}]},{\"@type\":\"WebSite\",\"@id\":\"https:\\\/\\\/bentobox-lieferservice.ch\\\/fr\\\/#website\",\"url\":\"https:\\\/\\\/bentobox-lieferservice.ch\\\/fr\\\/\",\"name\":\"Bento-Box-Lieferservice\",\"description\":\"Japanisches Mittagessen, geliefert in der wiederverwendbaren Bento-Box, mit regionalen und saisonalen Zutaten.\",\"publisher\":{\"@id\":\"https:\\\/\\\/bentobox-lieferservice.ch\\\/fr\\\/#organization\"},\"potentialAction\":[{\"@type\":\"SearchAction\",\"target\":{\"@type\":\"EntryPoint\",\"urlTemplate\":\"https:\\\/\\\/bentobox-lieferservice.ch\\\/fr\\\/?s={search_term_string}\"},\"query-input\":{\"@type\":\"PropertyValueSpecification\",\"valueRequired\":true,\"valueName\":\"search_term_string\"}}],\"inLanguage\":\"fr-FR\"},{\"@type\":\"Organization\",\"@id\":\"https:\\\/\\\/bentobox-lieferservice.ch\\\/fr\\\/#organization\",\"name\":\"Bento-Box-Lieferservice\",\"url\":\"https:\\\/\\\/bentobox-lieferservice.ch\\\/fr\\\/\",\"logo\":{\"@type\":\"ImageObject\",\"inLanguage\":\"fr-FR\",\"@id\":\"https:\\\/\\\/bentobox-lieferservice.ch\\\/fr\\\/#\\\/schema\\\/logo\\\/image\\\/\",\"url\":\"https:\\\/\\\/bentobox-lieferservice.ch\\\/wp-content\\\/uploads\\\/2020\\\/01\\\/IMG_2996-scaled-1.jpg\",\"contentUrl\":\"https:\\\/\\\/bentobox-lieferservice.ch\\\/wp-content\\\/uploads\\\/2020\\\/01\\\/IMG_2996-scaled-1.jpg\",\"width\":2560,\"height\":1707,\"caption\":\"Bento-Box-Lieferservice\"},\"image\":{\"@id\":\"https:\\\/\\\/bentobox-lieferservice.ch\\\/fr\\\/#\\\/schema\\\/logo\\\/image\\\/\"},\"sameAs\":[\"https:\\\/\\\/www.facebook.com\\\/LifeKI78\",\"https:\\\/\\\/www.instagram.com\\\/bentobox_ch\",\"https:\\\/\\\/www.youtube.com\\\/playlist?list=PLgFDv2-wOfr-MxRu3oHv5jx4aP-8sENll\"]}]}<\/script>\n<!-- \/ Yoast SEO plugin. -->","yoast_head_json":{"title":"Sakura Mokume Bento-Box - Bento-Lieferservice","description":"Sakura Mokume Bento-Box - Fabriqu\u00e9 au Japon. Inclut un \u00e9lastique blanc, des id\u00e9es de recettes et des moules.","robots":{"index":"index","follow":"follow","max-snippet":"max-snippet:-1","max-image-preview":"max-image-preview:large","max-video-preview":"max-video-preview:-1"},"canonical":"https:\/\/bentobox-lieferservice.ch\/fr\/shop\/boite-a-bento\/sakura-mokume-bento-box\/","og_locale":"fr_FR","og_type":"article","og_title":"Sakura Mokume Bento-Box - Bento-Lieferservice","og_description":"Sakura Mokume Bento-Box - Fabriqu\u00e9 au Japon. Inclut un \u00e9lastique blanc, des id\u00e9es de recettes et des moules.","og_url":"https:\/\/bentobox-lieferservice.ch\/fr\/shop\/boite-a-bento\/sakura-mokume-bento-box\/","og_site_name":"Bento-Lieferservice","article_publisher":"https:\/\/www.facebook.com\/LifeKI78","og_image":[{"width":1440,"height":2560,"url":"https:\/\/i0.wp.com\/bentobox-lieferservice.ch\/wp-content\/uploads\/2024\/02\/IMG20240130145050-scaled.jpg?fit=1440%2C2560&ssl=1","type":"image\/jpeg"}],"twitter_card":"summary_large_image","schema":{"@context":"https:\/\/schema.org","@graph":[{"@type":"WebPage","@id":"https:\/\/bentobox-lieferservice.ch\/fr\/shop\/boite-a-bento\/sakura-mokume-bento-box\/","url":"https:\/\/bentobox-lieferservice.ch\/fr\/shop\/boite-a-bento\/sakura-mokume-bento-box\/","name":"Sakura Mokume Bento-Box - Bento-Lieferservice","isPartOf":{"@id":"https:\/\/bentobox-lieferservice.ch\/fr\/#website"},"primaryImageOfPage":{"@id":"https:\/\/bentobox-lieferservice.ch\/fr\/shop\/boite-a-bento\/sakura-mokume-bento-box\/#primaryimage"},"image":{"@id":"https:\/\/bentobox-lieferservice.ch\/fr\/shop\/boite-a-bento\/sakura-mokume-bento-box\/#primaryimage"},"thumbnailUrl":"https:\/\/i0.wp.com\/bentobox-lieferservice.ch\/wp-content\/uploads\/2024\/02\/IMG20240130145050-scaled.jpg?fit=1440%2C2560&ssl=1","datePublished":"2024-02-16T21:02:59+00:00","description":"Sakura Mokume Bento-Box - Fabriqu\u00e9 au Japon. Inclut un \u00e9lastique blanc, des id\u00e9es de recettes et des moules.","breadcrumb":{"@id":"https:\/\/bentobox-lieferservice.ch\/fr\/shop\/boite-a-bento\/sakura-mokume-bento-box\/#breadcrumb"},"inLanguage":"fr-FR","potentialAction":[{"@type":"ReadAction","target":["https:\/\/bentobox-lieferservice.ch\/fr\/shop\/boite-a-bento\/sakura-mokume-bento-box\/"]}]},{"@type":"ImageObject","inLanguage":"fr-FR","@id":"https:\/\/bentobox-lieferservice.ch\/fr\/shop\/boite-a-bento\/sakura-mokume-bento-box\/#primaryimage","url":"https:\/\/i0.wp.com\/bentobox-lieferservice.ch\/wp-content\/uploads\/2024\/02\/IMG20240130145050-scaled.jpg?fit=1440%2C2560&ssl=1","contentUrl":"https:\/\/i0.wp.com\/bentobox-lieferservice.ch\/wp-content\/uploads\/2024\/02\/IMG20240130145050-scaled.jpg?fit=1440%2C2560&ssl=1","width":1440,"height":2560,"caption":"Sakura Mokume Bento-Box"},{"@type":"BreadcrumbList","@id":"https:\/\/bentobox-lieferservice.ch\/fr\/shop\/boite-a-bento\/sakura-mokume-bento-box\/#breadcrumb","itemListElement":[{"@type":"ListItem","position":1,"name":"Startseite","item":"https:\/\/bentobox-lieferservice.ch\/fr\/bento-lieferservice-biel-bienne\/"},{"@type":"ListItem","position":2,"name":"Boutique","item":"https:\/\/bentobox-lieferservice.ch\/fr\/boutique\/"},{"@type":"ListItem","position":3,"name":"Sakura Mokume Bento-Box"}]},{"@type":"WebSite","@id":"https:\/\/bentobox-lieferservice.ch\/fr\/#website","url":"https:\/\/bentobox-lieferservice.ch\/fr\/","name":"Bento-Box-Lieferservice","description":"Japanisches Mittagessen, geliefert in der wiederverwendbaren Bento-Box, mit regionalen und saisonalen Zutaten.","publisher":{"@id":"https:\/\/bentobox-lieferservice.ch\/fr\/#organization"},"potentialAction":[{"@type":"SearchAction","target":{"@type":"EntryPoint","urlTemplate":"https:\/\/bentobox-lieferservice.ch\/fr\/?s={search_term_string}"},"query-input":{"@type":"PropertyValueSpecification","valueRequired":true,"valueName":"search_term_string"}}],"inLanguage":"fr-FR"},{"@type":"Organization","@id":"https:\/\/bentobox-lieferservice.ch\/fr\/#organization","name":"Bento-Box-Lieferservice","url":"https:\/\/bentobox-lieferservice.ch\/fr\/","logo":{"@type":"ImageObject","inLanguage":"fr-FR","@id":"https:\/\/bentobox-lieferservice.ch\/fr\/#\/schema\/logo\/image\/","url":"https:\/\/bentobox-lieferservice.ch\/wp-content\/uploads\/2020\/01\/IMG_2996-scaled-1.jpg","contentUrl":"https:\/\/bentobox-lieferservice.ch\/wp-content\/uploads\/2020\/01\/IMG_2996-scaled-1.jpg","width":2560,"height":1707,"caption":"Bento-Box-Lieferservice"},"image":{"@id":"https:\/\/bentobox-lieferservice.ch\/fr\/#\/schema\/logo\/image\/"},"sameAs":["https:\/\/www.facebook.com\/LifeKI78","https:\/\/www.instagram.com\/bentobox_ch","https:\/\/www.youtube.com\/playlist?list=PLgFDv2-wOfr-MxRu3oHv5jx4aP-8sENll"]}]}},"jetpack_sharing_enabled":true,"_links":{"self":[{"href":"https:\/\/bentobox-lieferservice.ch\/fr\/wp-json\/wp\/v2\/product\/4096","targetHints":{"allow":["GET"]}}],"collection":[{"href":"https:\/\/bentobox-lieferservice.ch\/fr\/wp-json\/wp\/v2\/product"}],"about":[{"href":"https:\/\/bentobox-lieferservice.ch\/fr\/wp-json\/wp\/v2\/types\/product"}],"replies":[{"embeddable":true,"href":"https:\/\/bentobox-lieferservice.ch\/fr\/wp-json\/wp\/v2\/comments?post=4096"}],"wp:featuredmedia":[{"embeddable":true,"href":"https:\/\/bentobox-lieferservice.ch\/fr\/wp-json\/wp\/v2\/media\/4091"}],"wp:attachment":[{"href":"https:\/\/bentobox-lieferservice.ch\/fr\/wp-json\/wp\/v2\/media?parent=4096"}],"wp:term":[{"taxonomy":"product_brand","embeddable":true,"href":"https:\/\/bentobox-lieferservice.ch\/fr\/wp-json\/wp\/v2\/product_brand?post=4096"},{"taxonomy":"product_cat","embeddable":true,"href":"https:\/\/bentobox-lieferservice.ch\/fr\/wp-json\/wp\/v2\/product_cat?post=4096"},{"taxonomy":"product_tag","embeddable":true,"href":"https:\/\/bentobox-lieferservice.ch\/fr\/wp-json\/wp\/v2\/product_tag?post=4096"}],"curies":[{"name":"wp","href":"https:\/\/api.w.org\/{rel}","templated":true}]}}