{"id":499,"date":"2017-07-31T13:15:02","date_gmt":"2017-08-16T09:15:00","guid":{"rendered":"https:\/\/bentobox-lieferservice.ch\/?post_type=product&#038;p=499\/"},"modified":"2020-05-01T15:10:04","modified_gmt":"2020-05-01T13:10:04","slug":"le-bento-a-lessai-recuperer-a-la-cuisine","status":"publish","type":"product","link":"https:\/\/bentobox-lieferservice.ch\/fr\/shop\/bento-a-lessai\/le-bento-a-lessai-recuperer-a-la-cuisine\/","title":{"rendered":"Le bento \u00e0 l&rsquo;essai, r\u00e9cup\u00e9rer \u00e0 la cuisine"},"content":{"rendered":"<p>[et_pb_section fb_built=\u00a0\u00bb1&Prime; _builder_version=\u00a0\u00bb3.22&Prime; custom_padding=\u00a0\u00bb0px||||false|false\u00a0\u00bb][et_pb_row _builder_version=\u00a0\u00bb3.25&Prime; background_size=\u00a0\u00bbinitial\u00a0\u00bb background_position=\u00a0\u00bbtop_left\u00a0\u00bb background_repeat=\u00a0\u00bbrepeat\u00a0\u00bb width=\u00a0\u00bb100%\u00a0\u00bb custom_padding=\u00a0\u00bb0px||0px||false|false\u00a0\u00bb][et_pb_column type=\u00a0\u00bb4_4&Prime; _builder_version=\u00a0\u00bb3.25&Prime; custom_padding=\u00a0\u00bb|||\u00a0\u00bb custom_padding__hover=\u00a0\u00bb|||\u00a0\u00bb][et_pb_wc_breadcrumb _builder_version=\u00a0\u00bb3.0.47&Prime;][\/et_pb_wc_breadcrumb][et_pb_wc_cart_notice _builder_version=\u00a0\u00bb3.0.47&Prime;][\/et_pb_wc_cart_notice][\/et_pb_column][\/et_pb_row][et_pb_row column_structure=\u00a0\u00bb1_2,1_2&Prime; _builder_version=\u00a0\u00bb3.25&Prime; background_size=\u00a0\u00bbinitial\u00a0\u00bb background_position=\u00a0\u00bbtop_left\u00a0\u00bb background_repeat=\u00a0\u00bbrepeat\u00a0\u00bb width=\u00a0\u00bb100%\u00a0\u00bb custom_padding=\u00a0\u00bb0px||||false|false\u00a0\u00bb][et_pb_column type=\u00a0\u00bb1_2&Prime; _builder_version=\u00a0\u00bb3.25&Prime; custom_padding=\u00a0\u00bb|||\u00a0\u00bb custom_padding__hover=\u00a0\u00bb|||\u00a0\u00bb][et_pb_wc_images _builder_version=\u00a0\u00bb3.0.47&Prime;][\/et_pb_wc_images][\/et_pb_column][et_pb_column type=\u00a0\u00bb1_2&Prime; _builder_version=\u00a0\u00bb3.25&Prime; custom_padding=\u00a0\u00bb|||\u00a0\u00bb custom_padding__hover=\u00a0\u00bb|||\u00a0\u00bb][et_pb_wc_title _builder_version=\u00a0\u00bb3.0.47&Prime;][\/et_pb_wc_title][et_pb_wc_rating _builder_version=\u00a0\u00bb3.0.47&Prime;][\/et_pb_wc_rating][et_pb_wc_price _builder_version=\u00a0\u00bb4.0.11&Prime; body_text_color=\u00a0\u00bb#5f021f\u00a0\u00bb][\/et_pb_wc_price][et_pb_wc_description _builder_version=\u00a0\u00bb3.0.47&Prime;][\/et_pb_wc_description][et_pb_wc_add_to_cart _builder_version=\u00a0\u00bb3.0.47&Prime;][\/et_pb_wc_add_to_cart][et_pb_wc_meta _builder_version=\u00a0\u00bb4.0.11&Prime; body_text_color=\u00a0\u00bb#5f021f\u00a0\u00bb][\/et_pb_wc_meta][\/et_pb_column][\/et_pb_row][et_pb_row _builder_version=\u00a0\u00bb3.25&Prime; background_size=\u00a0\u00bbinitial\u00a0\u00bb background_position=\u00a0\u00bbtop_left\u00a0\u00bb background_repeat=\u00a0\u00bbrepeat\u00a0\u00bb width=\u00a0\u00bb100%\u00a0\u00bb][et_pb_column type=\u00a0\u00bb4_4&Prime; _builder_version=\u00a0\u00bb3.25&Prime; custom_padding=\u00a0\u00bb|||\u00a0\u00bb custom_padding__hover=\u00a0\u00bb|||\u00a0\u00bb][et_pb_wc_tabs _builder_version=\u00a0\u00bb3.0.47&Prime;]\t\t\t\t\t[\/et_pb_wc_tabs][et_pb_wc_upsells _builder_version=\u00a0\u00bb3.0.47&Prime;][\/et_pb_wc_upsells][et_pb_wc_related_products _builder_version=\u00a0\u00bb3.0.47&Prime;][\/et_pb_wc_related_products][\/et_pb_column][\/et_pb_row][\/et_pb_section]<\/p>\n","protected":false},"excerpt":{"rendered":"<p>Le bento \u00e0 l&rsquo;essai ou unique, r\u00e9cup\u00e9rer \u00e0 la cuisine, est un service qui offre une d\u00e9gustation de la cuisine japonaise.<\/p>\n<p>Dans un bento, il n&rsquo;y a pas du poisson cru.<\/p>\n<p>Lors de la commande, tu es pri\u00e9s d\u2019indiquer si tu souhaites avoir un bento avec de la viande, du poulet, ou encore v\u00e9g\u00e9tarien.<\/p>\n<p>Ici tu trouves les menus : <a href=\"https:\/\/bentobox-lieferservice.ch\/fr\/les-menus-du-bento\/\">https:\/\/bentobox-lieferservice.ch\/fr\/les-menus-du-bento\/<\/a><\/p>\n<p style=\"margin-top: 14.0pt; background: white; vertical-align: baseline;\">La bo\u00eete \u00e0 bento a un d\u00e9p\u00f4t de CHF 10.- Il est factur\u00e9 si la bo\u00eete ne revient pas, si elle d\u00e9fectueux ou s\u2019il manque quelque chose.<\/p>\n","protected":false},"featured_media":580,"comment_status":"open","ping_status":"closed","template":"","meta":{"_et_pb_use_builder":"on","_et_pb_old_content":"Nous cuisinons avec des produits frais et selon la saison.\r\n\r\nQuand tu viens r\u00e9cup\u00e9rer ton bento, nous te prions d\u2019\u00eatre \u00e0 l\u2019heure selon notre accord.\r\nC\u2019est important.\r\n\r\nPour tous tes questions nous sommes toujours disponible.","_et_gb_content_width":""},"product_brand":[],"product_cat":[75],"product_tag":[77,76,79,78],"class_list":{"0":"post-499","1":"product","2":"type-product","3":"status-publish","4":"has-post-thumbnail","6":"product_cat-bento-a-lessai","7":"product_tag-bienne","8":"product_tag-le-bento","9":"product_tag-le-bento-a-lessai","10":"product_tag-service-de-livraison","12":"first","13":"instock","14":"shipping-taxable","15":"purchasable","16":"product-type-simple"},"yoast_head":"<!-- This site is optimized with the Yoast SEO plugin v27.4 - https:\/\/yoast.com\/product\/yoast-seo-wordpress\/ -->\n<title>Le bento \u00e0 l&#039;essai, r\u00e9cup\u00e9rer \u00e0 la cuisine selon notre rendez-vous<\/title>\n<meta name=\"description\" content=\"Selon notre accord tu viens chercher \u00e0 l&#039;heure de bento \u00e0 l&#039;essai ou bento unique \u00e0 la cuisine. Les produits utilis\u00e9 son frai et selon la saison.\" \/>\n<meta name=\"robots\" content=\"index, follow, max-snippet:-1, max-image-preview:large, max-video-preview:-1\" \/>\n<link rel=\"canonical\" href=\"https:\/\/bentobox-lieferservice.ch\/fr\/shop\/bento-a-lessai\/le-bento-a-lessai-recuperer-a-la-cuisine\/\" \/>\n<meta property=\"og:locale\" content=\"fr_FR\" \/>\n<meta property=\"og:type\" content=\"article\" \/>\n<meta property=\"og:title\" content=\"Le bento \u00e0 l&#039;essai, r\u00e9cup\u00e9rer \u00e0 la cuisine selon notre rendez-vous\" \/>\n<meta property=\"og:description\" content=\"Selon notre accord tu viens chercher \u00e0 l&#039;heure de bento \u00e0 l&#039;essai ou bento unique \u00e0 la cuisine. Les produits utilis\u00e9 son frai et selon la saison.\" \/>\n<meta property=\"og:url\" content=\"https:\/\/bentobox-lieferservice.ch\/fr\/shop\/bento-a-lessai\/le-bento-a-lessai-recuperer-a-la-cuisine\/\" \/>\n<meta property=\"og:site_name\" content=\"Bento-Lieferservice\" \/>\n<meta property=\"article:publisher\" content=\"https:\/\/www.facebook.com\/LifeKI78\" \/>\n<meta property=\"article:modified_time\" content=\"2020-05-01T13:10:04+00:00\" \/>\n<meta property=\"og:image\" content=\"https:\/\/bentobox-lieferservice.ch\/wp-content\/uploads\/2017\/07\/DSCF0517.jpg\" \/>\n\t<meta property=\"og:image:width\" content=\"1080\" \/>\n\t<meta property=\"og:image:height\" content=\"720\" \/>\n\t<meta property=\"og:image:type\" content=\"image\/jpeg\" \/>\n<meta name=\"twitter:card\" content=\"summary_large_image\" \/>\n<meta name=\"twitter:label1\" content=\"Dur\u00e9e de lecture estim\u00e9e\" \/>\n\t<meta name=\"twitter:data1\" content=\"1 minute\" \/>\n<script type=\"application\/ld+json\" class=\"yoast-schema-graph\">{\"@context\":\"https:\\\/\\\/schema.org\",\"@graph\":[{\"@type\":\"WebPage\",\"@id\":\"https:\\\/\\\/bentobox-lieferservice.ch\\\/fr\\\/shop\\\/bento-a-lessai\\\/le-bento-a-lessai-recuperer-a-la-cuisine\\\/\",\"url\":\"https:\\\/\\\/bentobox-lieferservice.ch\\\/fr\\\/shop\\\/bento-a-lessai\\\/le-bento-a-lessai-recuperer-a-la-cuisine\\\/\",\"name\":\"Le bento \u00e0 l'essai, r\u00e9cup\u00e9rer \u00e0 la cuisine selon notre rendez-vous\",\"isPartOf\":{\"@id\":\"https:\\\/\\\/bentobox-lieferservice.ch\\\/fr\\\/#website\"},\"primaryImageOfPage\":{\"@id\":\"https:\\\/\\\/bentobox-lieferservice.ch\\\/fr\\\/shop\\\/bento-a-lessai\\\/le-bento-a-lessai-recuperer-a-la-cuisine\\\/#primaryimage\"},\"image\":{\"@id\":\"https:\\\/\\\/bentobox-lieferservice.ch\\\/fr\\\/shop\\\/bento-a-lessai\\\/le-bento-a-lessai-recuperer-a-la-cuisine\\\/#primaryimage\"},\"thumbnailUrl\":\"https:\\\/\\\/i0.wp.com\\\/bentobox-lieferservice.ch\\\/wp-content\\\/uploads\\\/2017\\\/07\\\/DSCF0517.jpg?fit=6000%2C4000&ssl=1\",\"datePublished\":\"2017-08-16T09:15:00+00:00\",\"dateModified\":\"2020-05-01T13:10:04+00:00\",\"description\":\"Selon notre accord tu viens chercher \u00e0 l'heure de bento \u00e0 l'essai ou bento unique \u00e0 la cuisine. Les produits utilis\u00e9 son frai et selon la saison.\",\"breadcrumb\":{\"@id\":\"https:\\\/\\\/bentobox-lieferservice.ch\\\/fr\\\/shop\\\/bento-a-lessai\\\/le-bento-a-lessai-recuperer-a-la-cuisine\\\/#breadcrumb\"},\"inLanguage\":\"fr-FR\",\"potentialAction\":[{\"@type\":\"ReadAction\",\"target\":[\"https:\\\/\\\/bentobox-lieferservice.ch\\\/fr\\\/shop\\\/bento-a-lessai\\\/le-bento-a-lessai-recuperer-a-la-cuisine\\\/\"]}]},{\"@type\":\"ImageObject\",\"inLanguage\":\"fr-FR\",\"@id\":\"https:\\\/\\\/bentobox-lieferservice.ch\\\/fr\\\/shop\\\/bento-a-lessai\\\/le-bento-a-lessai-recuperer-a-la-cuisine\\\/#primaryimage\",\"url\":\"https:\\\/\\\/i0.wp.com\\\/bentobox-lieferservice.ch\\\/wp-content\\\/uploads\\\/2017\\\/07\\\/DSCF0517.jpg?fit=6000%2C4000&ssl=1\",\"contentUrl\":\"https:\\\/\\\/i0.wp.com\\\/bentobox-lieferservice.ch\\\/wp-content\\\/uploads\\\/2017\\\/07\\\/DSCF0517.jpg?fit=6000%2C4000&ssl=1\",\"width\":6000,\"height\":4000,\"caption\":\"Le bento est diff\u00e9rent, bon pour la sant\u00e9 et nourrisant.\"},{\"@type\":\"BreadcrumbList\",\"@id\":\"https:\\\/\\\/bentobox-lieferservice.ch\\\/fr\\\/shop\\\/bento-a-lessai\\\/le-bento-a-lessai-recuperer-a-la-cuisine\\\/#breadcrumb\",\"itemListElement\":[{\"@type\":\"ListItem\",\"position\":1,\"name\":\"Startseite\",\"item\":\"https:\\\/\\\/bentobox-lieferservice.ch\\\/fr\\\/bento-lieferservice-biel-bienne\\\/\"},{\"@type\":\"ListItem\",\"position\":2,\"name\":\"Boutique\",\"item\":\"https:\\\/\\\/bentobox-lieferservice.ch\\\/fr\\\/boutique\\\/\"},{\"@type\":\"ListItem\",\"position\":3,\"name\":\"Le bento \u00e0 l&#8217;essai, r\u00e9cup\u00e9rer \u00e0 la cuisine\"}]},{\"@type\":\"WebSite\",\"@id\":\"https:\\\/\\\/bentobox-lieferservice.ch\\\/fr\\\/#website\",\"url\":\"https:\\\/\\\/bentobox-lieferservice.ch\\\/fr\\\/\",\"name\":\"Bento-Box-Lieferservice\",\"description\":\"Japanisches Mittagessen, geliefert in der wiederverwendbaren Bento-Box, mit regionalen und saisonalen Zutaten.\",\"publisher\":{\"@id\":\"https:\\\/\\\/bentobox-lieferservice.ch\\\/fr\\\/#organization\"},\"potentialAction\":[{\"@type\":\"SearchAction\",\"target\":{\"@type\":\"EntryPoint\",\"urlTemplate\":\"https:\\\/\\\/bentobox-lieferservice.ch\\\/fr\\\/?s={search_term_string}\"},\"query-input\":{\"@type\":\"PropertyValueSpecification\",\"valueRequired\":true,\"valueName\":\"search_term_string\"}}],\"inLanguage\":\"fr-FR\"},{\"@type\":\"Organization\",\"@id\":\"https:\\\/\\\/bentobox-lieferservice.ch\\\/fr\\\/#organization\",\"name\":\"Bento-Box-Lieferservice\",\"url\":\"https:\\\/\\\/bentobox-lieferservice.ch\\\/fr\\\/\",\"logo\":{\"@type\":\"ImageObject\",\"inLanguage\":\"fr-FR\",\"@id\":\"https:\\\/\\\/bentobox-lieferservice.ch\\\/fr\\\/#\\\/schema\\\/logo\\\/image\\\/\",\"url\":\"https:\\\/\\\/bentobox-lieferservice.ch\\\/wp-content\\\/uploads\\\/2020\\\/01\\\/IMG_2996-scaled-1.jpg\",\"contentUrl\":\"https:\\\/\\\/bentobox-lieferservice.ch\\\/wp-content\\\/uploads\\\/2020\\\/01\\\/IMG_2996-scaled-1.jpg\",\"width\":2560,\"height\":1707,\"caption\":\"Bento-Box-Lieferservice\"},\"image\":{\"@id\":\"https:\\\/\\\/bentobox-lieferservice.ch\\\/fr\\\/#\\\/schema\\\/logo\\\/image\\\/\"},\"sameAs\":[\"https:\\\/\\\/www.facebook.com\\\/LifeKI78\",\"https:\\\/\\\/www.instagram.com\\\/bentobox_ch\",\"https:\\\/\\\/www.youtube.com\\\/playlist?list=PLgFDv2-wOfr-MxRu3oHv5jx4aP-8sENll\"]}]}<\/script>\n<!-- \/ Yoast SEO plugin. -->","yoast_head_json":{"title":"Le bento \u00e0 l'essai, r\u00e9cup\u00e9rer \u00e0 la cuisine selon notre rendez-vous","description":"Selon notre accord tu viens chercher \u00e0 l'heure de bento \u00e0 l'essai ou bento unique \u00e0 la cuisine. Les produits utilis\u00e9 son frai et selon la saison.","robots":{"index":"index","follow":"follow","max-snippet":"max-snippet:-1","max-image-preview":"max-image-preview:large","max-video-preview":"max-video-preview:-1"},"canonical":"https:\/\/bentobox-lieferservice.ch\/fr\/shop\/bento-a-lessai\/le-bento-a-lessai-recuperer-a-la-cuisine\/","og_locale":"fr_FR","og_type":"article","og_title":"Le bento \u00e0 l'essai, r\u00e9cup\u00e9rer \u00e0 la cuisine selon notre rendez-vous","og_description":"Selon notre accord tu viens chercher \u00e0 l'heure de bento \u00e0 l'essai ou bento unique \u00e0 la cuisine. Les produits utilis\u00e9 son frai et selon la saison.","og_url":"https:\/\/bentobox-lieferservice.ch\/fr\/shop\/bento-a-lessai\/le-bento-a-lessai-recuperer-a-la-cuisine\/","og_site_name":"Bento-Lieferservice","article_publisher":"https:\/\/www.facebook.com\/LifeKI78","article_modified_time":"2020-05-01T13:10:04+00:00","og_image":[{"url":"https:\/\/bentobox-lieferservice.ch\/wp-content\/uploads\/2017\/07\/DSCF0517.jpg","width":1080,"height":720,"type":"image\/jpeg"}],"twitter_card":"summary_large_image","twitter_misc":{"Dur\u00e9e de lecture estim\u00e9e":"1 minute"},"schema":{"@context":"https:\/\/schema.org","@graph":[{"@type":"WebPage","@id":"https:\/\/bentobox-lieferservice.ch\/fr\/shop\/bento-a-lessai\/le-bento-a-lessai-recuperer-a-la-cuisine\/","url":"https:\/\/bentobox-lieferservice.ch\/fr\/shop\/bento-a-lessai\/le-bento-a-lessai-recuperer-a-la-cuisine\/","name":"Le bento \u00e0 l'essai, r\u00e9cup\u00e9rer \u00e0 la cuisine selon notre rendez-vous","isPartOf":{"@id":"https:\/\/bentobox-lieferservice.ch\/fr\/#website"},"primaryImageOfPage":{"@id":"https:\/\/bentobox-lieferservice.ch\/fr\/shop\/bento-a-lessai\/le-bento-a-lessai-recuperer-a-la-cuisine\/#primaryimage"},"image":{"@id":"https:\/\/bentobox-lieferservice.ch\/fr\/shop\/bento-a-lessai\/le-bento-a-lessai-recuperer-a-la-cuisine\/#primaryimage"},"thumbnailUrl":"https:\/\/i0.wp.com\/bentobox-lieferservice.ch\/wp-content\/uploads\/2017\/07\/DSCF0517.jpg?fit=6000%2C4000&ssl=1","datePublished":"2017-08-16T09:15:00+00:00","dateModified":"2020-05-01T13:10:04+00:00","description":"Selon notre accord tu viens chercher \u00e0 l'heure de bento \u00e0 l'essai ou bento unique \u00e0 la cuisine. Les produits utilis\u00e9 son frai et selon la saison.","breadcrumb":{"@id":"https:\/\/bentobox-lieferservice.ch\/fr\/shop\/bento-a-lessai\/le-bento-a-lessai-recuperer-a-la-cuisine\/#breadcrumb"},"inLanguage":"fr-FR","potentialAction":[{"@type":"ReadAction","target":["https:\/\/bentobox-lieferservice.ch\/fr\/shop\/bento-a-lessai\/le-bento-a-lessai-recuperer-a-la-cuisine\/"]}]},{"@type":"ImageObject","inLanguage":"fr-FR","@id":"https:\/\/bentobox-lieferservice.ch\/fr\/shop\/bento-a-lessai\/le-bento-a-lessai-recuperer-a-la-cuisine\/#primaryimage","url":"https:\/\/i0.wp.com\/bentobox-lieferservice.ch\/wp-content\/uploads\/2017\/07\/DSCF0517.jpg?fit=6000%2C4000&ssl=1","contentUrl":"https:\/\/i0.wp.com\/bentobox-lieferservice.ch\/wp-content\/uploads\/2017\/07\/DSCF0517.jpg?fit=6000%2C4000&ssl=1","width":6000,"height":4000,"caption":"Le bento est diff\u00e9rent, bon pour la sant\u00e9 et nourrisant."},{"@type":"BreadcrumbList","@id":"https:\/\/bentobox-lieferservice.ch\/fr\/shop\/bento-a-lessai\/le-bento-a-lessai-recuperer-a-la-cuisine\/#breadcrumb","itemListElement":[{"@type":"ListItem","position":1,"name":"Startseite","item":"https:\/\/bentobox-lieferservice.ch\/fr\/bento-lieferservice-biel-bienne\/"},{"@type":"ListItem","position":2,"name":"Boutique","item":"https:\/\/bentobox-lieferservice.ch\/fr\/boutique\/"},{"@type":"ListItem","position":3,"name":"Le bento \u00e0 l&#8217;essai, r\u00e9cup\u00e9rer \u00e0 la cuisine"}]},{"@type":"WebSite","@id":"https:\/\/bentobox-lieferservice.ch\/fr\/#website","url":"https:\/\/bentobox-lieferservice.ch\/fr\/","name":"Bento-Box-Lieferservice","description":"Japanisches Mittagessen, geliefert in der wiederverwendbaren Bento-Box, mit regionalen und saisonalen Zutaten.","publisher":{"@id":"https:\/\/bentobox-lieferservice.ch\/fr\/#organization"},"potentialAction":[{"@type":"SearchAction","target":{"@type":"EntryPoint","urlTemplate":"https:\/\/bentobox-lieferservice.ch\/fr\/?s={search_term_string}"},"query-input":{"@type":"PropertyValueSpecification","valueRequired":true,"valueName":"search_term_string"}}],"inLanguage":"fr-FR"},{"@type":"Organization","@id":"https:\/\/bentobox-lieferservice.ch\/fr\/#organization","name":"Bento-Box-Lieferservice","url":"https:\/\/bentobox-lieferservice.ch\/fr\/","logo":{"@type":"ImageObject","inLanguage":"fr-FR","@id":"https:\/\/bentobox-lieferservice.ch\/fr\/#\/schema\/logo\/image\/","url":"https:\/\/bentobox-lieferservice.ch\/wp-content\/uploads\/2020\/01\/IMG_2996-scaled-1.jpg","contentUrl":"https:\/\/bentobox-lieferservice.ch\/wp-content\/uploads\/2020\/01\/IMG_2996-scaled-1.jpg","width":2560,"height":1707,"caption":"Bento-Box-Lieferservice"},"image":{"@id":"https:\/\/bentobox-lieferservice.ch\/fr\/#\/schema\/logo\/image\/"},"sameAs":["https:\/\/www.facebook.com\/LifeKI78","https:\/\/www.instagram.com\/bentobox_ch","https:\/\/www.youtube.com\/playlist?list=PLgFDv2-wOfr-MxRu3oHv5jx4aP-8sENll"]}]}},"jetpack_sharing_enabled":true,"_links":{"self":[{"href":"https:\/\/bentobox-lieferservice.ch\/fr\/wp-json\/wp\/v2\/product\/499","targetHints":{"allow":["GET"]}}],"collection":[{"href":"https:\/\/bentobox-lieferservice.ch\/fr\/wp-json\/wp\/v2\/product"}],"about":[{"href":"https:\/\/bentobox-lieferservice.ch\/fr\/wp-json\/wp\/v2\/types\/product"}],"replies":[{"embeddable":true,"href":"https:\/\/bentobox-lieferservice.ch\/fr\/wp-json\/wp\/v2\/comments?post=499"}],"wp:featuredmedia":[{"embeddable":true,"href":"https:\/\/bentobox-lieferservice.ch\/fr\/wp-json\/wp\/v2\/media\/580"}],"wp:attachment":[{"href":"https:\/\/bentobox-lieferservice.ch\/fr\/wp-json\/wp\/v2\/media?parent=499"}],"wp:term":[{"taxonomy":"product_brand","embeddable":true,"href":"https:\/\/bentobox-lieferservice.ch\/fr\/wp-json\/wp\/v2\/product_brand?post=499"},{"taxonomy":"product_cat","embeddable":true,"href":"https:\/\/bentobox-lieferservice.ch\/fr\/wp-json\/wp\/v2\/product_cat?post=499"},{"taxonomy":"product_tag","embeddable":true,"href":"https:\/\/bentobox-lieferservice.ch\/fr\/wp-json\/wp\/v2\/product_tag?post=499"}],"curies":[{"name":"wp","href":"https:\/\/api.w.org\/{rel}","templated":true}]}}