{"id":508,"date":"2017-07-31T13:33:42","date_gmt":"2017-07-31T13:33:42","guid":{"rendered":"https:\/\/bentobox-lieferservice.ch\/product\/508\/"},"modified":"2020-05-01T14:56:01","modified_gmt":"2020-05-01T12:56:01","slug":"le-bento-a-lessai-recuperer-dans-votre-propre-boite-a-bento","status":"publish","type":"product","link":"https:\/\/bentobox-lieferservice.ch\/fr\/shop\/bento-a-lessai\/le-bento-a-lessai-recuperer-dans-votre-propre-boite-a-bento\/","title":{"rendered":"Le bento \u00e0 l&rsquo;essai, r\u00e9cup\u00e9rer dans votre propre bo\u00eete \u00e0 bento"},"content":{"rendered":"<p>[et_pb_section fb_built=\u00a0\u00bb1&Prime; _builder_version=\u00a0\u00bb4.0.11&Prime;][\/et_pb_section]<\/p>\n","protected":false},"excerpt":{"rendered":"<p style=\"margin-top: 14.0pt; background: white;\"><span style=\"font-size: 10.5pt; font-family: 'Arial',sans-serif; color: #666666; background: white;\">Le bento \u00e0 l&rsquo;essai ou le bento unique, r\u00e9cup\u00e9rer \u00e0 la cuisine, est un service qui offre une d\u00e9gustation de la cuisine japonaise. <\/span><\/p>\n<p style=\"margin-top: 14.0pt; background: white;\"><span style=\"font-size: 10.5pt; font-family: 'Arial',sans-serif; color: #666666; background: white;\">Dans un bento, il n&rsquo;y a pas du poisson cru. <\/span><\/p>\n<p style=\"margin-top: 14.0pt; background: white;\"><span style=\"font-size: 10.5pt; font-family: 'Arial',sans-serif; color: #666666; background: white;\">Lors de la commande, vous \u00eates pri\u00e9s d\u2019indiquer si vous souhaitez avoir un bento avec de la viande, du poulet, ou encore v\u00e9g\u00e9tarien.<\/span><\/p>\n<p>Ici tu trouves les menus : <a href=\"https:\/\/bentobox-lieferservice.ch\/fr\/les-menus-du-bento\/\">https:\/\/bentobox-lieferservice.ch\/fr\/les-menus-du-bento\/<\/a><\/p>\n","protected":false},"featured_media":580,"comment_status":"open","ping_status":"closed","template":"","meta":{"_et_pb_use_builder":"on","_et_pb_old_content":"Faits l'exp\u00e9rience de notre cuisine japonaise dans votre bento ou tupperware et viens chercher ton bento \u00e0 l'essai dans la cuisine.\r\n\r\nApportez votre bo\u00eete \u00e0 bento ou votre contenant Tupperware afin que je puisse le remplir. Vous pouvez \u00e9galement acheter une bo\u00eete \u00e0 bento de ma boutique.\r\n\r\nQuand tu viens remplir ton bento ou tupperware, tu dois attendre 10 minutes. Donc prends ton temps et sois \u00e0 l'heure. Merci.\r\n\r\nLe bento est fra\u00eechement pr\u00e9par\u00e9 avec des produits de saison, de qualit\u00e9 organique. Les menus sont choisis et pr\u00e9par\u00e9s avec soin et passion.","_et_gb_content_width":""},"product_brand":[],"product_cat":[75],"product_tag":[77,76,79,78],"class_list":{"0":"post-508","1":"product","2":"type-product","3":"status-publish","4":"has-post-thumbnail","6":"product_cat-bento-a-lessai","7":"product_tag-bienne","8":"product_tag-le-bento","9":"product_tag-le-bento-a-lessai","10":"product_tag-service-de-livraison","12":"first","13":"instock","14":"shipping-taxable","15":"purchasable","16":"product-type-simple"},"yoast_head":"<!-- This site is optimized with the Yoast SEO plugin v27.4 - https:\/\/yoast.com\/product\/yoast-seo-wordpress\/ -->\n<title>Le bento \u00e0 l&#039;essai, r\u00e9cup\u00e9rer dans votre propre bo\u00eete \u00e0 bento<\/title>\n<meta name=\"description\" content=\"Le bento \u00e0 l&#039;essai ou le bento unique, r\u00e9cup\u00e9rer \u00e0 la cuisine, est un service qui offre une d\u00e9gustation de la cuisine japonaise.\" \/>\n<meta name=\"robots\" content=\"index, follow, max-snippet:-1, max-image-preview:large, max-video-preview:-1\" \/>\n<link rel=\"canonical\" href=\"https:\/\/bentobox-lieferservice.ch\/fr\/shop\/bento-a-lessai\/le-bento-a-lessai-recuperer-dans-votre-propre-boite-a-bento\/\" \/>\n<meta property=\"og:locale\" content=\"fr_FR\" \/>\n<meta property=\"og:type\" content=\"article\" \/>\n<meta property=\"og:title\" content=\"Le bento \u00e0 l&#039;essai, r\u00e9cup\u00e9rer dans votre propre bo\u00eete \u00e0 bento\" \/>\n<meta property=\"og:description\" content=\"Le bento \u00e0 l&#039;essai ou le bento unique, r\u00e9cup\u00e9rer \u00e0 la cuisine, est un service qui offre une d\u00e9gustation de la cuisine japonaise.\" \/>\n<meta property=\"og:url\" content=\"https:\/\/bentobox-lieferservice.ch\/fr\/shop\/bento-a-lessai\/le-bento-a-lessai-recuperer-dans-votre-propre-boite-a-bento\/\" \/>\n<meta property=\"og:site_name\" content=\"Bento-Lieferservice\" \/>\n<meta property=\"article:publisher\" content=\"https:\/\/www.facebook.com\/LifeKI78\" \/>\n<meta property=\"article:modified_time\" content=\"2020-05-01T12:56:01+00:00\" \/>\n<meta property=\"og:image\" content=\"https:\/\/bentobox-lieferservice.ch\/wp-content\/uploads\/2017\/07\/DSCF0517.jpg\" \/>\n\t<meta property=\"og:image:width\" content=\"1080\" \/>\n\t<meta property=\"og:image:height\" content=\"720\" \/>\n\t<meta property=\"og:image:type\" content=\"image\/jpeg\" \/>\n<meta name=\"twitter:card\" content=\"summary_large_image\" \/>\n<script type=\"application\/ld+json\" class=\"yoast-schema-graph\">{\"@context\":\"https:\\\/\\\/schema.org\",\"@graph\":[{\"@type\":\"WebPage\",\"@id\":\"https:\\\/\\\/bentobox-lieferservice.ch\\\/fr\\\/shop\\\/bento-a-lessai\\\/le-bento-a-lessai-recuperer-dans-votre-propre-boite-a-bento\\\/\",\"url\":\"https:\\\/\\\/bentobox-lieferservice.ch\\\/fr\\\/shop\\\/bento-a-lessai\\\/le-bento-a-lessai-recuperer-dans-votre-propre-boite-a-bento\\\/\",\"name\":\"Le bento \u00e0 l'essai, r\u00e9cup\u00e9rer dans votre propre bo\u00eete \u00e0 bento\",\"isPartOf\":{\"@id\":\"https:\\\/\\\/bentobox-lieferservice.ch\\\/fr\\\/#website\"},\"primaryImageOfPage\":{\"@id\":\"https:\\\/\\\/bentobox-lieferservice.ch\\\/fr\\\/shop\\\/bento-a-lessai\\\/le-bento-a-lessai-recuperer-dans-votre-propre-boite-a-bento\\\/#primaryimage\"},\"image\":{\"@id\":\"https:\\\/\\\/bentobox-lieferservice.ch\\\/fr\\\/shop\\\/bento-a-lessai\\\/le-bento-a-lessai-recuperer-dans-votre-propre-boite-a-bento\\\/#primaryimage\"},\"thumbnailUrl\":\"https:\\\/\\\/i0.wp.com\\\/bentobox-lieferservice.ch\\\/wp-content\\\/uploads\\\/2017\\\/07\\\/DSCF0517.jpg?fit=6000%2C4000&ssl=1\",\"datePublished\":\"2017-07-31T13:33:42+00:00\",\"dateModified\":\"2020-05-01T12:56:01+00:00\",\"description\":\"Le bento \u00e0 l'essai ou le bento unique, r\u00e9cup\u00e9rer \u00e0 la cuisine, est un service qui offre une d\u00e9gustation de la cuisine japonaise.\",\"breadcrumb\":{\"@id\":\"https:\\\/\\\/bentobox-lieferservice.ch\\\/fr\\\/shop\\\/bento-a-lessai\\\/le-bento-a-lessai-recuperer-dans-votre-propre-boite-a-bento\\\/#breadcrumb\"},\"inLanguage\":\"fr-FR\",\"potentialAction\":[{\"@type\":\"ReadAction\",\"target\":[\"https:\\\/\\\/bentobox-lieferservice.ch\\\/fr\\\/shop\\\/bento-a-lessai\\\/le-bento-a-lessai-recuperer-dans-votre-propre-boite-a-bento\\\/\"]}]},{\"@type\":\"ImageObject\",\"inLanguage\":\"fr-FR\",\"@id\":\"https:\\\/\\\/bentobox-lieferservice.ch\\\/fr\\\/shop\\\/bento-a-lessai\\\/le-bento-a-lessai-recuperer-dans-votre-propre-boite-a-bento\\\/#primaryimage\",\"url\":\"https:\\\/\\\/i0.wp.com\\\/bentobox-lieferservice.ch\\\/wp-content\\\/uploads\\\/2017\\\/07\\\/DSCF0517.jpg?fit=6000%2C4000&ssl=1\",\"contentUrl\":\"https:\\\/\\\/i0.wp.com\\\/bentobox-lieferservice.ch\\\/wp-content\\\/uploads\\\/2017\\\/07\\\/DSCF0517.jpg?fit=6000%2C4000&ssl=1\",\"width\":6000,\"height\":4000,\"caption\":\"Le bento est diff\u00e9rent, bon pour la sant\u00e9 et nourrisant.\"},{\"@type\":\"BreadcrumbList\",\"@id\":\"https:\\\/\\\/bentobox-lieferservice.ch\\\/fr\\\/shop\\\/bento-a-lessai\\\/le-bento-a-lessai-recuperer-dans-votre-propre-boite-a-bento\\\/#breadcrumb\",\"itemListElement\":[{\"@type\":\"ListItem\",\"position\":1,\"name\":\"Startseite\",\"item\":\"https:\\\/\\\/bentobox-lieferservice.ch\\\/fr\\\/bento-lieferservice-biel-bienne\\\/\"},{\"@type\":\"ListItem\",\"position\":2,\"name\":\"Boutique\",\"item\":\"https:\\\/\\\/bentobox-lieferservice.ch\\\/fr\\\/boutique\\\/\"},{\"@type\":\"ListItem\",\"position\":3,\"name\":\"Le bento \u00e0 l&#8217;essai, r\u00e9cup\u00e9rer dans votre propre bo\u00eete \u00e0 bento\"}]},{\"@type\":\"WebSite\",\"@id\":\"https:\\\/\\\/bentobox-lieferservice.ch\\\/fr\\\/#website\",\"url\":\"https:\\\/\\\/bentobox-lieferservice.ch\\\/fr\\\/\",\"name\":\"Bento-Box-Lieferservice\",\"description\":\"Japanisches Mittagessen, geliefert in der wiederverwendbaren Bento-Box, mit regionalen und saisonalen Zutaten.\",\"publisher\":{\"@id\":\"https:\\\/\\\/bentobox-lieferservice.ch\\\/fr\\\/#organization\"},\"potentialAction\":[{\"@type\":\"SearchAction\",\"target\":{\"@type\":\"EntryPoint\",\"urlTemplate\":\"https:\\\/\\\/bentobox-lieferservice.ch\\\/fr\\\/?s={search_term_string}\"},\"query-input\":{\"@type\":\"PropertyValueSpecification\",\"valueRequired\":true,\"valueName\":\"search_term_string\"}}],\"inLanguage\":\"fr-FR\"},{\"@type\":\"Organization\",\"@id\":\"https:\\\/\\\/bentobox-lieferservice.ch\\\/fr\\\/#organization\",\"name\":\"Bento-Box-Lieferservice\",\"url\":\"https:\\\/\\\/bentobox-lieferservice.ch\\\/fr\\\/\",\"logo\":{\"@type\":\"ImageObject\",\"inLanguage\":\"fr-FR\",\"@id\":\"https:\\\/\\\/bentobox-lieferservice.ch\\\/fr\\\/#\\\/schema\\\/logo\\\/image\\\/\",\"url\":\"https:\\\/\\\/bentobox-lieferservice.ch\\\/wp-content\\\/uploads\\\/2020\\\/01\\\/IMG_2996-scaled-1.jpg\",\"contentUrl\":\"https:\\\/\\\/bentobox-lieferservice.ch\\\/wp-content\\\/uploads\\\/2020\\\/01\\\/IMG_2996-scaled-1.jpg\",\"width\":2560,\"height\":1707,\"caption\":\"Bento-Box-Lieferservice\"},\"image\":{\"@id\":\"https:\\\/\\\/bentobox-lieferservice.ch\\\/fr\\\/#\\\/schema\\\/logo\\\/image\\\/\"},\"sameAs\":[\"https:\\\/\\\/www.facebook.com\\\/LifeKI78\",\"https:\\\/\\\/www.instagram.com\\\/bentobox_ch\",\"https:\\\/\\\/www.youtube.com\\\/playlist?list=PLgFDv2-wOfr-MxRu3oHv5jx4aP-8sENll\"]}]}<\/script>\n<!-- \/ Yoast SEO plugin. -->","yoast_head_json":{"title":"Le bento \u00e0 l'essai, r\u00e9cup\u00e9rer dans votre propre bo\u00eete \u00e0 bento","description":"Le bento \u00e0 l'essai ou le bento unique, r\u00e9cup\u00e9rer \u00e0 la cuisine, est un service qui offre une d\u00e9gustation de la cuisine japonaise.","robots":{"index":"index","follow":"follow","max-snippet":"max-snippet:-1","max-image-preview":"max-image-preview:large","max-video-preview":"max-video-preview:-1"},"canonical":"https:\/\/bentobox-lieferservice.ch\/fr\/shop\/bento-a-lessai\/le-bento-a-lessai-recuperer-dans-votre-propre-boite-a-bento\/","og_locale":"fr_FR","og_type":"article","og_title":"Le bento \u00e0 l'essai, r\u00e9cup\u00e9rer dans votre propre bo\u00eete \u00e0 bento","og_description":"Le bento \u00e0 l'essai ou le bento unique, r\u00e9cup\u00e9rer \u00e0 la cuisine, est un service qui offre une d\u00e9gustation de la cuisine japonaise.","og_url":"https:\/\/bentobox-lieferservice.ch\/fr\/shop\/bento-a-lessai\/le-bento-a-lessai-recuperer-dans-votre-propre-boite-a-bento\/","og_site_name":"Bento-Lieferservice","article_publisher":"https:\/\/www.facebook.com\/LifeKI78","article_modified_time":"2020-05-01T12:56:01+00:00","og_image":[{"url":"https:\/\/bentobox-lieferservice.ch\/wp-content\/uploads\/2017\/07\/DSCF0517.jpg","width":1080,"height":720,"type":"image\/jpeg"}],"twitter_card":"summary_large_image","schema":{"@context":"https:\/\/schema.org","@graph":[{"@type":"WebPage","@id":"https:\/\/bentobox-lieferservice.ch\/fr\/shop\/bento-a-lessai\/le-bento-a-lessai-recuperer-dans-votre-propre-boite-a-bento\/","url":"https:\/\/bentobox-lieferservice.ch\/fr\/shop\/bento-a-lessai\/le-bento-a-lessai-recuperer-dans-votre-propre-boite-a-bento\/","name":"Le bento \u00e0 l'essai, r\u00e9cup\u00e9rer dans votre propre bo\u00eete \u00e0 bento","isPartOf":{"@id":"https:\/\/bentobox-lieferservice.ch\/fr\/#website"},"primaryImageOfPage":{"@id":"https:\/\/bentobox-lieferservice.ch\/fr\/shop\/bento-a-lessai\/le-bento-a-lessai-recuperer-dans-votre-propre-boite-a-bento\/#primaryimage"},"image":{"@id":"https:\/\/bentobox-lieferservice.ch\/fr\/shop\/bento-a-lessai\/le-bento-a-lessai-recuperer-dans-votre-propre-boite-a-bento\/#primaryimage"},"thumbnailUrl":"https:\/\/i0.wp.com\/bentobox-lieferservice.ch\/wp-content\/uploads\/2017\/07\/DSCF0517.jpg?fit=6000%2C4000&ssl=1","datePublished":"2017-07-31T13:33:42+00:00","dateModified":"2020-05-01T12:56:01+00:00","description":"Le bento \u00e0 l'essai ou le bento unique, r\u00e9cup\u00e9rer \u00e0 la cuisine, est un service qui offre une d\u00e9gustation de la cuisine japonaise.","breadcrumb":{"@id":"https:\/\/bentobox-lieferservice.ch\/fr\/shop\/bento-a-lessai\/le-bento-a-lessai-recuperer-dans-votre-propre-boite-a-bento\/#breadcrumb"},"inLanguage":"fr-FR","potentialAction":[{"@type":"ReadAction","target":["https:\/\/bentobox-lieferservice.ch\/fr\/shop\/bento-a-lessai\/le-bento-a-lessai-recuperer-dans-votre-propre-boite-a-bento\/"]}]},{"@type":"ImageObject","inLanguage":"fr-FR","@id":"https:\/\/bentobox-lieferservice.ch\/fr\/shop\/bento-a-lessai\/le-bento-a-lessai-recuperer-dans-votre-propre-boite-a-bento\/#primaryimage","url":"https:\/\/i0.wp.com\/bentobox-lieferservice.ch\/wp-content\/uploads\/2017\/07\/DSCF0517.jpg?fit=6000%2C4000&ssl=1","contentUrl":"https:\/\/i0.wp.com\/bentobox-lieferservice.ch\/wp-content\/uploads\/2017\/07\/DSCF0517.jpg?fit=6000%2C4000&ssl=1","width":6000,"height":4000,"caption":"Le bento est diff\u00e9rent, bon pour la sant\u00e9 et nourrisant."},{"@type":"BreadcrumbList","@id":"https:\/\/bentobox-lieferservice.ch\/fr\/shop\/bento-a-lessai\/le-bento-a-lessai-recuperer-dans-votre-propre-boite-a-bento\/#breadcrumb","itemListElement":[{"@type":"ListItem","position":1,"name":"Startseite","item":"https:\/\/bentobox-lieferservice.ch\/fr\/bento-lieferservice-biel-bienne\/"},{"@type":"ListItem","position":2,"name":"Boutique","item":"https:\/\/bentobox-lieferservice.ch\/fr\/boutique\/"},{"@type":"ListItem","position":3,"name":"Le bento \u00e0 l&#8217;essai, r\u00e9cup\u00e9rer dans votre propre bo\u00eete \u00e0 bento"}]},{"@type":"WebSite","@id":"https:\/\/bentobox-lieferservice.ch\/fr\/#website","url":"https:\/\/bentobox-lieferservice.ch\/fr\/","name":"Bento-Box-Lieferservice","description":"Japanisches Mittagessen, geliefert in der wiederverwendbaren Bento-Box, mit regionalen und saisonalen Zutaten.","publisher":{"@id":"https:\/\/bentobox-lieferservice.ch\/fr\/#organization"},"potentialAction":[{"@type":"SearchAction","target":{"@type":"EntryPoint","urlTemplate":"https:\/\/bentobox-lieferservice.ch\/fr\/?s={search_term_string}"},"query-input":{"@type":"PropertyValueSpecification","valueRequired":true,"valueName":"search_term_string"}}],"inLanguage":"fr-FR"},{"@type":"Organization","@id":"https:\/\/bentobox-lieferservice.ch\/fr\/#organization","name":"Bento-Box-Lieferservice","url":"https:\/\/bentobox-lieferservice.ch\/fr\/","logo":{"@type":"ImageObject","inLanguage":"fr-FR","@id":"https:\/\/bentobox-lieferservice.ch\/fr\/#\/schema\/logo\/image\/","url":"https:\/\/bentobox-lieferservice.ch\/wp-content\/uploads\/2020\/01\/IMG_2996-scaled-1.jpg","contentUrl":"https:\/\/bentobox-lieferservice.ch\/wp-content\/uploads\/2020\/01\/IMG_2996-scaled-1.jpg","width":2560,"height":1707,"caption":"Bento-Box-Lieferservice"},"image":{"@id":"https:\/\/bentobox-lieferservice.ch\/fr\/#\/schema\/logo\/image\/"},"sameAs":["https:\/\/www.facebook.com\/LifeKI78","https:\/\/www.instagram.com\/bentobox_ch","https:\/\/www.youtube.com\/playlist?list=PLgFDv2-wOfr-MxRu3oHv5jx4aP-8sENll"]}]}},"jetpack_sharing_enabled":true,"_links":{"self":[{"href":"https:\/\/bentobox-lieferservice.ch\/fr\/wp-json\/wp\/v2\/product\/508","targetHints":{"allow":["GET"]}}],"collection":[{"href":"https:\/\/bentobox-lieferservice.ch\/fr\/wp-json\/wp\/v2\/product"}],"about":[{"href":"https:\/\/bentobox-lieferservice.ch\/fr\/wp-json\/wp\/v2\/types\/product"}],"replies":[{"embeddable":true,"href":"https:\/\/bentobox-lieferservice.ch\/fr\/wp-json\/wp\/v2\/comments?post=508"}],"wp:featuredmedia":[{"embeddable":true,"href":"https:\/\/bentobox-lieferservice.ch\/fr\/wp-json\/wp\/v2\/media\/580"}],"wp:attachment":[{"href":"https:\/\/bentobox-lieferservice.ch\/fr\/wp-json\/wp\/v2\/media?parent=508"}],"wp:term":[{"taxonomy":"product_brand","embeddable":true,"href":"https:\/\/bentobox-lieferservice.ch\/fr\/wp-json\/wp\/v2\/product_brand?post=508"},{"taxonomy":"product_cat","embeddable":true,"href":"https:\/\/bentobox-lieferservice.ch\/fr\/wp-json\/wp\/v2\/product_cat?post=508"},{"taxonomy":"product_tag","embeddable":true,"href":"https:\/\/bentobox-lieferservice.ch\/fr\/wp-json\/wp\/v2\/product_tag?post=508"}],"curies":[{"name":"wp","href":"https:\/\/api.w.org\/{rel}","templated":true}]}}